{"id":13,"date":"2019-04-17T15:01:41","date_gmt":"2019-04-17T13:01:41","guid":{"rendered":"http:\/\/www.opetech.cz\/?page_id=13"},"modified":"2023-07-03T13:11:08","modified_gmt":"2023-07-03T11:11:08","slug":"laser-cutting-of-metal-and-sheet-metal","status":"publish","type":"page","link":"https:\/\/www.opetech.cz\/en\/laserove-rezani-kovu-a-plechu\/","title":{"rendered":"Laser cutting"},"content":{"rendered":"<p>[et_pb_section fb_built=&#8220;1&#8243; _builder_version=&#8220;4.16&#8243; use_background_color_gradient=&#8220;on&#8220; background_color_gradient_stops=&#8220;rgba(255,255,255,0.3) 0%|#ffffff 100%&#8220; background_color_gradient_start=&#8220;rgba(255,255,255,0.3)&#8220; background_color_gradient_end=&#8220;#ffffff&#8220; background_image=&#8220;https:\/\/www.opetech.cz\/wp-content\/uploads\/2019\/05\/laserove-rezani-kovu-opetech-velesin.jpg&#8220; background_blend=&#8220;overlay&#8220; background_video_width=&#8220;1280&#8243; background_video_height=&#8220;720&#8243; custom_padding=&#8220;||0px&#8220; locked=&#8220;on&#8220; global_colors_info=&#8220;{}&#8220;][et_pb_row column_structure=&#8220;3_4,1_4&#8243; make_equal=&#8220;on&#8220; _builder_version=&#8220;4.16&#8243; width=&#8220;90%&#8220; max_width=&#8220;100%&#8220; module_alignment=&#8220;center&#8220; height=&#8220;100px&#8220; global_colors_info=&#8220;{}&#8220;][et_pb_column type=&#8220;3_4&#8243; _builder_version=&#8220;4.16&#8243; custom_padding=&#8220;|||&#8220; global_colors_info=&#8220;{}&#8220; custom_padding__hover=&#8220;|||&#8220;][et_pb_text _builder_version=&#8220;4.16&#8243; text_font=&#8220;||||||||&#8220; text_text_color=&#8220;#ffffff&#8220; text_line_height=&#8220;1.4em&#8220; header_font=&#8220;||||||||&#8220; header_text_align=&#8220;left&#8220; header_text_color=&#8220;#041230&#8243; header_font_size=&#8220;45px&#8220; header_line_height=&#8220;1.2em&#8220; header_font_size_tablet=&#8220;40px&#8220; header_font_size_phone=&#8220;35px&#8220; header_font_size_last_edited=&#8220;on|phone&#8220; locked=&#8220;on&#8220; global_colors_info=&#8220;{}&#8220;]<\/p>\n<h1>\u0158ez\u00e1n\u00ed laserem<\/h1>\n<p>[\/et_pb_text][\/et_pb_column][et_pb_column type=&#8220;1_4&#8243; _builder_version=&#8220;4.16&#8243; custom_padding=&#8220;|||&#8220; global_colors_info=&#8220;{}&#8220; custom_padding__hover=&#8220;|||&#8220;][\/et_pb_column][\/et_pb_row][\/et_pb_section][et_pb_section fb_built=&#8220;1&#8243; _builder_version=&#8220;4.16&#8243; global_colors_info=&#8220;{}&#8220;][et_pb_row column_structure=&#8220;1_2,1_2&#8243; make_equal=&#8220;on&#8220; _builder_version=&#8220;4.16&#8243; width=&#8220;90%&#8220; max_width=&#8220;100%&#8220; global_colors_info=&#8220;{}&#8220;][et_pb_column type=&#8220;1_2&#8243; _builder_version=&#8220;4.16&#8243; custom_padding=&#8220;25px|25px|25px|25px&#8220; global_colors_info=&#8220;{}&#8220; custom_padding__hover=&#8220;|||&#8220;][et_pb_text _builder_version=&#8220;4.21.0&#8243; text_font=&#8220;||||||||&#8220; text_font_size=&#8220;18px&#8220; text_line_height=&#8220;2em&#8220; header_font=&#8220;||||||||&#8220; header_2_font=&#8220;||||||||&#8220; header_2_font_size=&#8220;35px&#8220; hover_enabled=&#8220;0&#8243; header_2_font_size_tablet=&#8220;30px&#8220; header_2_font_size_phone=&#8220;25px&#8220; header_2_font_size_last_edited=&#8220;on|phone&#8220; global_colors_info=&#8220;{}&#8220; sticky_enabled=&#8220;0&#8243;]<\/p>\n<h2>P\u0159esn\u00e9 \u0159ez\u00e1n\u00ed kov\u016f laserem<\/h2>\n<p>\u0158ez\u00e1n\u00ed kov\u016f prov\u00e1d\u00edme na laseru TRUMPF CNC TruLaser 3030 fiber (L81) s velikost\u00ed stolu 3000 x 1500 mm. \u0158e\u017eeme v\u0161echny kovy, maxim\u00e1ln\u00ed s\u00edla \u0159ezan\u00e9ho materi\u00e1lu je 25 mm.<\/p>\n<p>R\u00e1di V\u00e1m vypracujeme cenovou nab\u00eddku. Va\u0161e popt\u00e1vka by m\u011bla obsahovat: v\u00fdkres d\u00edlu (ide\u00e1ln\u011b v DXF form\u00e1tu), typ a tlou\u0161\u0165ku materi\u00e1lu, mno\u017estv\u00ed, term\u00edn a kontakt na popt\u00e1vaj\u00edc\u00edho. Pro p\u0159edb\u011b\u017en\u00fd v\u00fdpo\u010det ceny v\u00fdpalk\u016f m\u016f\u017eete pou\u017e\u00edt na\u0161\u00ed online kalkula\u010dku cen v\u00fdpalk\u016f.<\/p>\n<h3>Dal\u0161\u00ed d\u00edlensk\u00e9 zpracov\u00e1n\u00ed v\u00fdpalk\u016f<\/h3>\n<p>V\u00fdpalky mohou b\u00fdt u n\u00e1s d\u00e1le opracov\u00e1ny v n\u00e1sledn\u00fdch operac\u00edch \u2013 ohra\u0148ov\u00e1n\u00ed, obr\u00e1b\u011bn\u00ed, sva\u0159ovan\u00ed, z\u00e1vitov\u00e1n\u00ed a zna\u010den\u00ed nebo grav\u00edrov\u00e1n\u00ed.<\/p>\n<p>[\/et_pb_text][\/et_pb_column][et_pb_column type=&#8220;1_2&#8243; _builder_version=&#8220;4.16&#8243; custom_padding=&#8220;25px|25px|25px|25px&#8220; global_colors_info=&#8220;{}&#8220; custom_padding__hover=&#8220;|||&#8220;][et_pb_image src=&#8220;https:\/\/www.opetech.cz\/wp-content\/uploads\/2019\/04\/paleni-kovu-a-plechu-laserem-553&#215;240.jpg&#8220; align_tablet=&#8220;center&#8220; align_phone=&#8220;&#8220; align_last_edited=&#8220;on|desktop&#8220; _builder_version=&#8220;4.16&#8243; border_radii=&#8220;|5px|5px|50px|5px&#8220; locked=&#8220;on&#8220; global_colors_info=&#8220;{}&#8220;][\/et_pb_image][\/et_pb_column][\/et_pb_row][\/et_pb_section][et_pb_section fb_built=&#8220;1&#8243; _builder_version=&#8220;4.16&#8243; custom_padding=&#8220;0px||0px|||&#8220; global_colors_info=&#8220;{}&#8220;][et_pb_row _builder_version=&#8220;4.16&#8243; custom_padding=&#8220;0px||0px|||&#8220; global_colors_info=&#8220;{}&#8220;][et_pb_column type=&#8220;4_4&#8243; _builder_version=&#8220;4.16&#8243; custom_padding=&#8220;|||&#8220; global_colors_info=&#8220;{}&#8220; custom_padding__hover=&#8220;|||&#8220;][et_pb_text _builder_version=&#8220;4.16&#8243; text_font=&#8220;||||||||&#8220; text_font_size=&#8220;18px&#8220; text_line_height=&#8220;2em&#8220; header_font=&#8220;||||||||&#8220; header_2_font=&#8220;||||||||&#8220; header_2_font_size=&#8220;35px&#8220; text_orientation=&#8220;center&#8220; header_2_font_size_tablet=&#8220;30px&#8220; header_2_font_size_phone=&#8220;25px&#8220; header_2_font_size_last_edited=&#8220;on|phone&#8220; global_colors_info=&#8220;{}&#8220;]<\/p>\n<h2>Na\u0161e laserov\u00e9 CNC<\/h2>\n<p>[\/et_pb_text][\/et_pb_column][\/et_pb_row][\/et_pb_section][et_pb_section fb_built=&#8220;1&#8243; _builder_version=&#8220;4.16&#8243; global_colors_info=&#8220;{}&#8220;][et_pb_row column_structure=&#8220;1_4,1_2,1_4&#8243; make_equal=&#8220;on&#8220; _builder_version=&#8220;4.16&#8243; width=&#8220;90%&#8220; max_width=&#8220;100%&#8220; global_colors_info=&#8220;{}&#8220;][et_pb_column type=&#8220;1_4&#8243; _builder_version=&#8220;4.16&#8243; custom_padding=&#8220;|||&#8220; global_colors_info=&#8220;{}&#8220; custom_padding__hover=&#8220;|||&#8220;][\/et_pb_column][et_pb_column type=&#8220;1_2&#8243; _builder_version=&#8220;4.16&#8243; background_color=&#8220;rgba(0,59,121,0.05)&#8220; custom_padding=&#8220;25px|25px|25px|25px&#8220; custom_css_main_element=&#8220;border-radius:5px;||border-bottom-right-radius:50px;||    box-shadow: 0px 2px 18px 0px rgba(0,0,0,0.3);||&#8220; global_colors_info=&#8220;{}&#8220; custom_padding__hover=&#8220;|||&#8220;][et_pb_image src=&#8220;https:\/\/www.opetech.cz\/wp-content\/uploads\/2021\/12\/laser3030.png&#8220; title_text=&#8220;laser3030&#8243; align_tablet=&#8220;center&#8220; align_phone=&#8220;&#8220; align_last_edited=&#8220;on|desktop&#8220; _builder_version=&#8220;4.16&#8243; border_radii=&#8220;|5px|5px|15%|5px&#8220; global_colors_info=&#8220;{}&#8220;][\/et_pb_image][et_pb_text _builder_version=&#8220;4.16&#8243; text_font=&#8220;||||||||&#8220; text_font_size=&#8220;18px&#8220; text_line_height=&#8220;2em&#8220; header_font=&#8220;||||||||&#8220; header_2_font=&#8220;||||||||&#8220; header_2_font_size=&#8220;35px&#8220; header_2_font_size_tablet=&#8220;30px&#8220; header_2_font_size_phone=&#8220;25px&#8220; header_2_font_size_last_edited=&#8220;on|phone&#8220; global_colors_info=&#8220;{}&#8220;]<\/p>\n<h2>TRUMPF CNC TruLaser\u00a0 3030 fiber<\/h2>\n<p>[\/et_pb_text][et_pb_text _builder_version=&#8220;4.16&#8243; global_colors_info=&#8220;{}&#8220;]<\/p>\n<table>\n<caption>Technick\u00e9 parametry CNC stroje:<\/caption>\n<thead>\n<tr>\n<th scope=\"col\">Pracovn\u00ed plocha X,Y,Z<\/th>\n<th scope=\"col\">Max. z\u00e1t\u011b\u017e plochy<\/th>\n<\/tr>\n<\/thead>\n<tbody>\n<tr>\n<td data-label=\"Pracovn\u00ed plocha X,Y,Z\">3000 x 1500 x 115 mm<\/td>\n<td data-label=\"Max. z\u00e1t\u011b\u017e plochy\">710 Kg<\/td>\n<\/tr>\n<\/tbody>\n<\/table>\n<p>[\/et_pb_text][et_pb_button button_url=&#8220;https:\/\/www.opetech.cz\/wp-content\/uploads\/2021\/09\/Fiber-tech-udaje.pdf&#8220; url_new_window=&#8220;on&#8220; button_text=&#8220;Bro\u017eura laser\u016f TRUMPF Trulaser 3030 fiber&#8220; button_alignment=&#8220;center&#8220; _builder_version=&#8220;4.16&#8243; custom_button=&#8220;on&#8220; button_text_size=&#8220;18px&#8220; button_text_color=&#8220;#003B79&#8243; button_border_width=&#8220;1px&#8220; button_border_radius=&#8220;5px&#8220; button_font=&#8220;||||||||&#8220; button_icon=&#8220;&#x24;||divi||400&#8243; button_icon_color=&#8220;#003B79&#8243; button_on_hover=&#8220;off&#8220; global_colors_info=&#8220;{}&#8220; button_bg_color__hover_enabled=&#8220;on&#8220; button_bg_color__hover=&#8220;#ffffff&#8220;][\/et_pb_button][\/et_pb_column][et_pb_column type=&#8220;1_4&#8243; _builder_version=&#8220;4.16&#8243; custom_padding=&#8220;|||&#8220; global_colors_info=&#8220;{}&#8220; custom_padding__hover=&#8220;|||&#8220;][\/et_pb_column][\/et_pb_row][\/et_pb_section][et_pb_section fb_built=&#8220;1&#8243; _builder_version=&#8220;4.16&#8243; custom_padding=&#8220;0px|||||&#8220; global_colors_info=&#8220;{}&#8220;][et_pb_row column_structure=&#8220;1_4,1_2,1_4&#8243; _builder_version=&#8220;4.16&#8243; width=&#8220;90%&#8220; global_colors_info=&#8220;{}&#8220;][et_pb_column type=&#8220;1_4&#8243; _builder_version=&#8220;4.16&#8243; custom_padding=&#8220;|||&#8220; global_colors_info=&#8220;{}&#8220; custom_padding__hover=&#8220;|||&#8220;][\/et_pb_column][et_pb_column type=&#8220;1_2&#8243; _builder_version=&#8220;4.16&#8243; background_color=&#8220;rgba(0,59,121,0.05)&#8220; custom_padding=&#8220;25px|25px|25px|25px&#8220; custom_css_main_element=&#8220;border-radius:5px;||border-bottom-right-radius:50px;||    box-shadow: 0px 2px 18px 0px rgba(0,0,0,0.3);||&#8220; global_colors_info=&#8220;{}&#8220; custom_padding__hover=&#8220;|||&#8220;][et_pb_text _builder_version=&#8220;4.16&#8243; text_font=&#8220;||||||||&#8220; text_font_size=&#8220;18px&#8220; text_line_height=&#8220;2em&#8220; header_font=&#8220;||||||||&#8220; header_2_font=&#8220;||||||||&#8220; header_2_font_size=&#8220;35px&#8220; text_orientation=&#8220;center&#8220; header_2_font_size_tablet=&#8220;30px&#8220; header_2_font_size_phone=&#8220;25px&#8220; header_2_font_size_last_edited=&#8220;on|phone&#8220; global_colors_info=&#8220;{}&#8220;]<\/p>\n<h2>M\u00e1te z\u00e1jem o \u0159ez\u00e1n\u00ed kov\u016f pomoc\u00ed Laseru?<\/h2>\n<p>Hled\u00e1te dodavatele, nebo m\u00e1te dotaz? Po\u0161lete n\u00e1m popt\u00e1vku nebo dotazy k \u0159ez\u00e1n\u00ed laserem<\/p>\n<p>[\/et_pb_text][et_pb_contact_form email=&#8220;info@opetech.cz&#8220; custom_message=&#8220;Kontaktn\u00ed formul\u00e1\u0159 ze str\u00e1nky \u0158ez\u00e1n\u00ed laserem:||et_pb_line_break_holder||Jm\u00e9no: %%Name%%||et_pb_line_break_holder||E-mail: %%Email%%||et_pb_line_break_holder||Telefon: %%Phone%%||et_pb_line_break_holder||Firma: %%Company%%||et_pb_line_break_holder||Zpr\u00e1va: %%Message%%&#8220; _builder_version=&#8220;4.16&#8243; _unique_id=&#8220;f7c6bc5a-000e-46f7-9d4b-e1b8fcc27021&#8243; form_field_background_color=&#8220;#ffffff&#8220; form_field_text_color=&#8220;#000000&#8243; title_font=&#8220;||||||||&#8220; form_field_font=&#8220;||||||||&#8220; form_field_font_size=&#8220;16px&#8220; custom_button=&#8220;on&#8220; button_text_size=&#8220;25px&#8220; button_text_color=&#8220;#041230&#8243; button_border_width=&#8220;1px&#8220; button_border_color=&#8220;#041230&#8243; button_border_radius=&#8220;5px&#8220; button_font=&#8220;||||||||&#8220; button_icon=&#8220;&#x24;||divi||400&#8243; button_icon_color=&#8220;#041230&#8243; button_on_hover=&#8220;off&#8220; border_radii=&#8220;on|5px|5px|5px|5px&#8220; border_width_all=&#8220;1px&#8220; border_color_all=&#8220;#003B79&#8243; form_background_color=&#8220;#ffffff&#8220; global_colors_info=&#8220;{}&#8220; button_bg_color__hover_enabled=&#8220;on&#8220; button_bg_color__hover=&#8220;rgba(0,0,0,0)&#8220;][et_pb_contact_field field_id=&#8220;Name&#8220; field_title=&#8220;Jm\u00e9no a p\u0159\u00edjmen\u00ed *&#8220; fullwidth_field=&#8220;on&#8220; _builder_version=&#8220;4.16&#8243; global_colors_info=&#8220;{}&#8220; button_text_size__hover_enabled=&#8220;off&#8220; button_one_text_size__hover_enabled=&#8220;off&#8220; button_two_text_size__hover_enabled=&#8220;off&#8220; button_text_color__hover_enabled=&#8220;off&#8220; button_one_text_color__hover_enabled=&#8220;off&#8220; button_two_text_color__hover_enabled=&#8220;off&#8220; button_border_width__hover_enabled=&#8220;off&#8220; button_one_border_width__hover_enabled=&#8220;off&#8220; button_two_border_width__hover_enabled=&#8220;off&#8220; button_border_color__hover_enabled=&#8220;off&#8220; button_one_border_color__hover_enabled=&#8220;off&#8220; button_two_border_color__hover_enabled=&#8220;off&#8220; button_border_radius__hover_enabled=&#8220;off&#8220; button_one_border_radius__hover_enabled=&#8220;off&#8220; button_two_border_radius__hover_enabled=&#8220;off&#8220; button_letter_spacing__hover_enabled=&#8220;off&#8220; button_one_letter_spacing__hover_enabled=&#8220;off&#8220; button_two_letter_spacing__hover_enabled=&#8220;off&#8220; button_bg_color__hover_enabled=&#8220;off&#8220; button_one_bg_color__hover_enabled=&#8220;off&#8220; button_two_bg_color__hover_enabled=&#8220;off&#8220;][\/et_pb_contact_field][et_pb_contact_field field_id=&#8220;Email&#8220; field_title=&#8220;E-mailov\u00e1 adresa *&#8220; field_type=&#8220;email&#8220; _builder_version=&#8220;4.16&#8243; global_colors_info=&#8220;{}&#8220; button_text_size__hover_enabled=&#8220;off&#8220; button_one_text_size__hover_enabled=&#8220;off&#8220; button_two_text_size__hover_enabled=&#8220;off&#8220; button_text_color__hover_enabled=&#8220;off&#8220; button_one_text_color__hover_enabled=&#8220;off&#8220; button_two_text_color__hover_enabled=&#8220;off&#8220; button_border_width__hover_enabled=&#8220;off&#8220; button_one_border_width__hover_enabled=&#8220;off&#8220; button_two_border_width__hover_enabled=&#8220;off&#8220; button_border_color__hover_enabled=&#8220;off&#8220; button_one_border_color__hover_enabled=&#8220;off&#8220; button_two_border_color__hover_enabled=&#8220;off&#8220; button_border_radius__hover_enabled=&#8220;off&#8220; button_one_border_radius__hover_enabled=&#8220;off&#8220; button_two_border_radius__hover_enabled=&#8220;off&#8220; button_letter_spacing__hover_enabled=&#8220;off&#8220; button_one_letter_spacing__hover_enabled=&#8220;off&#8220; button_two_letter_spacing__hover_enabled=&#8220;off&#8220; button_bg_color__hover_enabled=&#8220;off&#8220; button_one_bg_color__hover_enabled=&#8220;off&#8220; button_two_bg_color__hover_enabled=&#8220;off&#8220;][\/et_pb_contact_field][et_pb_contact_field field_id=&#8220;Phone&#8220; field_title=&#8220;Telefon *&#8220; _builder_version=&#8220;4.16&#8243; global_colors_info=&#8220;{}&#8220;][\/et_pb_contact_field][et_pb_contact_field field_id=&#8220;Company&#8220; field_title=&#8220;Firma&#8220; required_mark=&#8220;off&#8220; fullwidth_field=&#8220;on&#8220; _builder_version=&#8220;4.16&#8243; global_colors_info=&#8220;{}&#8220;][\/et_pb_contact_field][et_pb_contact_field field_id=&#8220;Message&#8220; field_title=&#8220;Po\u017eadavek, zpr\u00e1va, nebo dotaz *&#8220; field_type=&#8220;text&#8220; fullwidth_field=&#8220;on&#8220; _builder_version=&#8220;4.16&#8243; global_colors_info=&#8220;{}&#8220; button_text_size__hover_enabled=&#8220;off&#8220; button_one_text_size__hover_enabled=&#8220;off&#8220; button_two_text_size__hover_enabled=&#8220;off&#8220; button_text_color__hover_enabled=&#8220;off&#8220; button_one_text_color__hover_enabled=&#8220;off&#8220; button_two_text_color__hover_enabled=&#8220;off&#8220; button_border_width__hover_enabled=&#8220;off&#8220; button_one_border_width__hover_enabled=&#8220;off&#8220; button_two_border_width__hover_enabled=&#8220;off&#8220; button_border_color__hover_enabled=&#8220;off&#8220; button_one_border_color__hover_enabled=&#8220;off&#8220; button_two_border_color__hover_enabled=&#8220;off&#8220; button_border_radius__hover_enabled=&#8220;off&#8220; button_one_border_radius__hover_enabled=&#8220;off&#8220; button_two_border_radius__hover_enabled=&#8220;off&#8220; button_letter_spacing__hover_enabled=&#8220;off&#8220; button_one_letter_spacing__hover_enabled=&#8220;off&#8220; button_two_letter_spacing__hover_enabled=&#8220;off&#8220; button_bg_color__hover_enabled=&#8220;off&#8220; button_one_bg_color__hover_enabled=&#8220;off&#8220; button_two_bg_color__hover_enabled=&#8220;off&#8220;][\/et_pb_contact_field][\/et_pb_contact_form][\/et_pb_column][et_pb_column type=&#8220;1_4&#8243; _builder_version=&#8220;4.16&#8243; custom_padding=&#8220;|||&#8220; global_colors_info=&#8220;{}&#8220; custom_padding__hover=&#8220;|||&#8220;][\/et_pb_column][\/et_pb_row][\/et_pb_section][et_pb_section fb_built=&#8220;1&#8243; admin_label=&#8220;Pati\u010dka&#8220; _builder_version=&#8220;4.16&#8243; use_background_color_gradient=&#8220;on&#8220; background_color_gradient_stops=&#8220;#ffffff 0%|rgba(255,255,255,0.85) 100%&#8220; background_color_gradient_start=&#8220;#ffffff&#8220; background_color_gradient_end=&#8220;rgba(255,255,255,0.85)&#8220; background_image=&#8220;https:\/\/www.opetech.cz\/wp-content\/uploads\/2019\/05\/automatizovana-prumyslova-vyroba-opetech-velesin.jpg&#8220; background_blend=&#8220;overlay&#8220; custom_padding=&#8220;0px|||||&#8220; background_color_gradient_stops_tablet=&#8220;#ffffff 0%|rgba(255,255,255,0.85) 100%&#8220; background_color_gradient_stops_phone=&#8220;#ffffff 0%|rgba(255,255,255,0.85) 100%&#8220; global_module=&#8220;440&#8243; saved_tabs=&#8220;all&#8220; locked=&#8220;on&#8220; collapsed=&#8220;off&#8220; global_colors_info=&#8220;{}&#8220;][et_pb_row _builder_version=&#8220;4.16&#8243; locked=&#8220;off&#8220; collapsed=&#8220;on&#8220; global_colors_info=&#8220;{}&#8220;][et_pb_column type=&#8220;4_4&#8243; _builder_version=&#8220;4.16&#8243; custom_padding=&#8220;|||&#8220; global_colors_info=&#8220;{}&#8220; custom_padding__hover=&#8220;|||&#8220;][et_pb_text admin_label=&#8220;Text&#8220; _builder_version=&#8220;4.16&#8243; text_font=&#8220;||||||||&#8220; text_font_size=&#8220;15px&#8220; link_font=&#8220;||||||||&#8220; link_text_color=&#8220;#003B79&#8243; link_font_size=&#8220;15px&#8220; text_orientation=&#8220;center&#8220; global_colors_info=&#8220;{}&#8220;]<\/p>\n<p><em>N\u00e1\u0161 sv\u011bt je kov a plech, jmenujeme se OpeTech.<\/em><\/p>\n<p>[\/et_pb_text][et_pb_image src=&#8220;https:\/\/www.opetech.cz\/wp-content\/uploads\/2019\/04\/OPETECH-obrabeni-kovu-cnc-laser-logo-modre.svg&#8220; align=&#8220;center&#8220; align_tablet=&#8220;center&#8220; align_phone=&#8220;&#8220; align_last_edited=&#8220;on|desktop&#8220; _builder_version=&#8220;4.16&#8243; width=&#8220;15%&#8220; module_alignment=&#8220;center&#8220; global_colors_info=&#8220;{}&#8220;][\/et_pb_image][et_pb_text _builder_version=&#8220;4.16&#8243; text_font=&#8220;||||||||&#8220; text_font_size=&#8220;15px&#8220; link_font=&#8220;||||||||&#8220; link_text_color=&#8220;#003B79&#8243; link_font_size=&#8220;15px&#8220; text_orientation=&#8220;center&#8220; global_colors_info=&#8220;{}&#8220;]<\/p>\n<p><a href=\"\/\">\u00davod<\/a> | <a href=\"\/laserove-rezani-kovu-a-plechu\/\">\u0158ez\u00e1n\u00ed laserem<\/a> | <a href=\"\/cnc-obrabeni-frezovani-kovu-plastu-a-svarencu\/\">CNC Obr\u00e1b\u011bn\u00ed<\/a> | <a href=\"\/ohranovani-plechu\/\">Ohra\u0148ov\u00e1n\u00ed<\/a> | <a href=\"\/automatizace-prumyslove-vyroby\/\">Automatizace<\/a> | <a href=\"\/politika-jakosti\/\">Kvalita<\/a> | <a href=\"\/kariera\/\">Kari\u00e9ra<\/a> | <a href=\"\/kontakt\/\">Kontakty<\/a><\/p>\n<p>[\/et_pb_text][et_pb_text admin_label=&#8220;Text&#8220; _builder_version=&#8220;4.16&#8243; text_font=&#8220;||||||||&#8220; text_font_size=&#8220;15px&#8220; link_font=&#8220;||||||||&#8220; link_text_color=&#8220;#003B79&#8243; link_font_size=&#8220;15px&#8220; text_orientation=&#8220;center&#8220; global_colors_info=&#8220;{}&#8220;]<span>Pracujeme pro v\u00e1s roku 1991. V roce 2014 do\u0161lo k transformaci spole\u010dnosti a zalo\u017een\u00ed nov\u00e9ho subjektu Opetech s.r.o.,<br \/>kter\u00fd plynule nav\u00e1zal na p\u0159ede\u0161l\u00fd v\u00fdrobn\u00ed program.<\/span>[\/et_pb_text][\/et_pb_column][\/et_pb_row][et_pb_row column_structure=&#8220;1_5,1_5,1_5,1_5,1_5&#8243; _builder_version=&#8220;4.16&#8243; collapsed=&#8220;off&#8220; global_colors_info=&#8220;{}&#8220;][et_pb_column type=&#8220;1_5&#8243; _builder_version=&#8220;4.16&#8243; custom_padding=&#8220;|||&#8220; global_colors_info=&#8220;{}&#8220; custom_padding__hover=&#8220;|||&#8220;][\/et_pb_column][et_pb_column type=&#8220;1_5&#8243; _builder_version=&#8220;4.16&#8243; custom_padding=&#8220;|||&#8220; global_colors_info=&#8220;{}&#8220; custom_padding__hover=&#8220;|||&#8220;][et_pb_text _builder_version=&#8220;4.16&#8243; text_font=&#8220;||||||||&#8220; text_font_size=&#8220;15px&#8220; link_font=&#8220;||||||||&#8220; link_text_color=&#8220;#003B79&#8243; link_font_size=&#8220;15px&#8220; text_orientation=&#8220;center&#8220; locked=&#8220;off&#8220; global_colors_info=&#8220;{}&#8220;]<\/p>\n<h4>Adresa kovov\u00fdroby<\/h4>\n<p>OpeTech s.r.o.<br \/> Nov\u00e1 634, Vele\u0161\u00edn N\u00e1dra\u017e\u00ed<br \/> 382 32 Vele\u0161\u00edn<br \/> Jiho\u010desk\u00fd kraj<\/p>\n<p>[\/et_pb_text][\/et_pb_column][et_pb_column type=&#8220;1_5&#8243; _builder_version=&#8220;4.16&#8243; custom_padding=&#8220;|||&#8220; global_colors_info=&#8220;{}&#8220; custom_padding__hover=&#8220;|||&#8220;][et_pb_text _builder_version=&#8220;4.16&#8243; text_font=&#8220;||||||||&#8220; text_font_size=&#8220;15px&#8220; link_font=&#8220;||||||||&#8220; link_text_color=&#8220;#003B79&#8243; link_font_size=&#8220;15px&#8220; text_orientation=&#8220;center&#8220; global_colors_info=&#8220;{}&#8220;]<\/p>\n<h4>Faktura\u010dn\u00ed adresa<\/h4>\n<p>OpeTech s.r.o.<br \/> V\u011b\u017eovat\u00e1 Pl\u00e1n\u011b 26<br \/> 382 32 Vele\u0161\u00edn<br \/> Jiho\u010desk\u00fd kraj<\/p>\n<p>I\u010cO: 03347401<br \/>DI\u010c: CZ03347401<\/p>\n<p>[\/et_pb_text][\/et_pb_column][et_pb_column type=&#8220;1_5&#8243; _builder_version=&#8220;4.16&#8243; custom_padding=&#8220;|||&#8220; global_colors_info=&#8220;{}&#8220; custom_padding__hover=&#8220;|||&#8220;][et_pb_text _builder_version=&#8220;4.16&#8243; text_font=&#8220;||||||||&#8220; text_font_size=&#8220;15px&#8220; link_font=&#8220;||||||||&#8220; link_text_color=&#8220;#003B79&#8243; link_font_size=&#8220;15px&#8220; text_orientation=&#8220;center&#8220; global_colors_info=&#8220;{}&#8220;]<\/p>\n<h4>Kontakty<\/h4>\n<p>info@opetech.cz<br \/><span style=\"font-size: 14px;\">+420 792 316 825<\/span><\/p>\n<p>&nbsp;<\/p>\n<p>[\/et_pb_text][\/et_pb_column][et_pb_column type=&#8220;1_5&#8243; _builder_version=&#8220;4.16&#8243; custom_padding=&#8220;|||&#8220; global_colors_info=&#8220;{}&#8220; custom_padding__hover=&#8220;|||&#8220;][\/et_pb_column][\/et_pb_row][\/et_pb_section]<\/p>\n","protected":false},"excerpt":{"rendered":"<p>\u0158ez\u00e1n\u00ed laseremP\u0159esn\u00e9 \u0159ez\u00e1n\u00ed kov\u016f laserem \u0158ez\u00e1n\u00ed kov\u016f prov\u00e1d\u00edme na laseru TRUMPF CNC TruLaser 3030 fiber (L81) s velikost\u00ed stolu 3000 x 1500 mm. \u0158e\u017eeme v\u0161echny kovy, maxim\u00e1ln\u00ed s\u00edla \u0159ezan\u00e9ho materi\u00e1lu je 25 mm. R\u00e1di V\u00e1m vypracujeme cenovou nab\u00eddku. Va\u0161e popt\u00e1vka by m\u011bla obsahovat: v\u00fdkres d\u00edlu (ide\u00e1ln\u011b v DXF form\u00e1tu), typ a tlou\u0161\u0165ku materi\u00e1lu, mno\u017estv\u00ed, term\u00edn [&hellip;]<\/p>\n","protected":false},"author":1,"featured_media":0,"parent":0,"menu_order":0,"comment_status":"closed","ping_status":"closed","template":"","meta":{"_et_pb_use_builder":"on","_et_pb_old_content":"<!-- wp:divi\/placeholder \/-->","_et_gb_content_width":"","footnotes":""},"class_list":["post-13","page","type-page","status-publish","hentry"],"_links":{"self":[{"href":"https:\/\/www.opetech.cz\/en\/wp-json\/wp\/v2\/pages\/13","targetHints":{"allow":["GET"]}}],"collection":[{"href":"https:\/\/www.opetech.cz\/en\/wp-json\/wp\/v2\/pages"}],"about":[{"href":"https:\/\/www.opetech.cz\/en\/wp-json\/wp\/v2\/types\/page"}],"author":[{"embeddable":true,"href":"https:\/\/www.opetech.cz\/en\/wp-json\/wp\/v2\/users\/1"}],"replies":[{"embeddable":true,"href":"https:\/\/www.opetech.cz\/en\/wp-json\/wp\/v2\/comments?post=13"}],"version-history":[{"count":58,"href":"https:\/\/www.opetech.cz\/en\/wp-json\/wp\/v2\/pages\/13\/revisions"}],"predecessor-version":[{"id":1037,"href":"https:\/\/www.opetech.cz\/en\/wp-json\/wp\/v2\/pages\/13\/revisions\/1037"}],"wp:attachment":[{"href":"https:\/\/www.opetech.cz\/en\/wp-json\/wp\/v2\/media?parent=13"}],"curies":[{"name":"wp","href":"https:\/\/api.w.org\/{rel}","templated":true}]}}