{"id":16,"date":"2019-04-17T15:03:16","date_gmt":"2019-04-17T13:03:16","guid":{"rendered":"http:\/\/www.opetech.cz\/?page_id=16"},"modified":"2024-01-02T16:15:47","modified_gmt":"2024-01-02T15:15:47","slug":"quality-policy","status":"publish","type":"page","link":"https:\/\/www.opetech.cz\/en\/politika-jakosti\/","title":{"rendered":"Quality"},"content":{"rendered":"<p>[et_pb_section fb_built=&#8220;1&#8243; _builder_version=&#8220;4.16&#8243; use_background_color_gradient=&#8220;on&#8220; background_color_gradient_stops=&#8220;rgba(255,255,255,0) 0%|#ffffff 100%&#8220; background_color_gradient_start=&#8220;rgba(255,255,255,0)&#8220; background_color_gradient_end=&#8220;#ffffff&#8220; background_image=&#8220;https:\/\/www.opetech.cz\/wp-content\/uploads\/2019\/05\/kvalita-opetech.jpg&#8220; background_position=&#8220;bottom_center&#8220; background_blend=&#8220;overlay&#8220; custom_padding=&#8220;||0px&#8220; locked=&#8220;on&#8220; global_colors_info=&#8220;{}&#8220;][et_pb_row column_structure=&#8220;3_4,1_4&#8243; make_equal=&#8220;on&#8220; _builder_version=&#8220;4.16&#8243; width=&#8220;90%&#8220; max_width=&#8220;100%&#8220; module_alignment=&#8220;center&#8220; height=&#8220;100px&#8220; global_colors_info=&#8220;{}&#8220;][et_pb_column type=&#8220;3_4&#8243; _builder_version=&#8220;4.16&#8243; custom_padding=&#8220;|||&#8220; global_colors_info=&#8220;{}&#8220; custom_padding__hover=&#8220;|||&#8220;][et_pb_text admin_label=&#8220;Nadpis str\u00e1nky&#8220; _builder_version=&#8220;4.16&#8243; text_font=&#8220;||||||||&#8220; text_font_size=&#8220;18px&#8220; text_line_height=&#8220;2em&#8220; header_font=&#8220;||||||||&#8220; header_font_size=&#8220;45px&#8220; header_line_height=&#8220;1.2em&#8220; header_2_font=&#8220;||||||||&#8220; header_2_font_size=&#8220;35px&#8220; header_font_size_tablet=&#8220;40px&#8220; header_font_size_phone=&#8220;35px&#8220; header_font_size_last_edited=&#8220;on|phone&#8220; header_2_font_size_tablet=&#8220;30px&#8220; header_2_font_size_phone=&#8220;25px&#8220; header_2_font_size_last_edited=&#8220;on|phone&#8220; global_colors_info=&#8220;{}&#8220;]<\/p>\n<h1>Kvalita<\/h1>\n<p>[\/et_pb_text][\/et_pb_column][et_pb_column type=&#8220;1_4&#8243; _builder_version=&#8220;4.16&#8243; custom_padding=&#8220;|||&#8220; global_colors_info=&#8220;{}&#8220; custom_padding__hover=&#8220;|||&#8220;][\/et_pb_column][\/et_pb_row][\/et_pb_section][et_pb_section fb_built=&#8220;1&#8243; _builder_version=&#8220;4.16&#8243; global_colors_info=&#8220;{}&#8220;][et_pb_row column_structure=&#8220;1_2,1_2&#8243; make_equal=&#8220;on&#8220; _builder_version=&#8220;4.16&#8243; width=&#8220;90%&#8220; global_colors_info=&#8220;{}&#8220;][et_pb_column type=&#8220;1_2&#8243; _builder_version=&#8220;4.16&#8243; custom_padding=&#8220;25px|25px|25px|25px&#8220; global_colors_info=&#8220;{}&#8220; custom_padding__hover=&#8220;|||&#8220;][et_pb_text admin_label=&#8220;Text str\u00e1nky&#8220; _builder_version=&#8220;4.16&#8243; text_font=&#8220;||||||||&#8220; text_font_size=&#8220;18px&#8220; text_line_height=&#8220;2em&#8220; header_font=&#8220;||||||||&#8220; header_2_font=&#8220;||||||||&#8220; header_2_font_size=&#8220;35px&#8220; header_2_font_size_tablet=&#8220;30px&#8220; header_2_font_size_phone=&#8220;25px&#8220; header_2_font_size_last_edited=&#8220;on|phone&#8220; global_colors_info=&#8220;{}&#8220;]<\/p>\n<h2>Politika kvality<\/h2>\n<p>Standardizovan\u00fd syst\u00e9m \u0159\u00edzen\u00ed n\u00e1m pom\u00e1h\u00e1 udr\u017eovat stabiln\u00ed kvalitu na\u0161\u00ed v\u00fdroby pomoc\u00ed jednotn\u00fdch v\u00fdrobn\u00edch postup\u016f, kontroln\u00edch \u010dinnost\u00ed a v\u0161ech podp\u016frn\u00fdch proces\u016f v souladu s mezin\u00e1rodn\u00ed normou <strong>\u010cSN EN ISO 9001:2016<\/strong>. Krom\u011b zam\u011b\u0159en\u00ed na kvalitu respektujeme rovn\u011b\u017e ochranu \u017eivotn\u00edho prost\u0159ed\u00ed ve v\u0161ech f\u00e1z\u00edch \u010dinnost\u00ed a bezpe\u010dnost a ochranu zdrav\u00ed p\u0159i pr\u00e1ci na\u0161ich zam\u011bstnanc\u016f.<\/p>\n<p>&nbsp;<\/p>\n<h3>CZ-NACE 256<\/h3>\n<h4>Povrchov\u00e1 \u00faprava a zu\u0161lech\u0165ov\u00e1n\u00ed kov\u016f; obr\u00e1b\u011bn\u00ed<\/h4>\n<div class=\"info-text-body\">Tato skupina zahrnuje \u010dinnosti t\u00fdkaj\u00edc\u00ed se opracov\u00e1n\u00ed kov\u016f (kovov\u00fdch polotovar\u016f) jako je pl\u00e1tov\u00e1n\u00ed, potahov\u00e1n\u00ed, grav\u00edrov\u00e1n\u00ed, vrt\u00e1n\u00ed, le\u0161t\u011bn\u00ed, sva\u0159ov\u00e1n\u00ed atd., kter\u00e9 jsou obvykle prov\u00e1d\u011bn\u00e9 na z\u00e1klad\u011b smlouvy nebo dohody.<\/div>\n<p>[\/et_pb_text][et_pb_button button_url=&#8220;https:\/\/www.opetech.cz\/wp-content\/uploads\/2019\/04\/OpeTech-sro-politika-kvality-norma-csn-en-iso-9001-2016.pdf&#8220; url_new_window=&#8220;on&#8220; button_text=&#8220;Politika kvality OPETECH v PDF&#8220; button_alignment=&#8220;center&#8220; admin_label=&#8220;Tla\u010d\u00edtko PDF&#8220; _builder_version=&#8220;4.16&#8243; custom_button=&#8220;on&#8220; button_text_size=&#8220;18px&#8220; button_text_color=&#8220;#003B79&#8243; button_border_width=&#8220;1px&#8220; button_border_radius=&#8220;5px&#8220; button_font=&#8220;||||||||&#8220; button_icon=&#8220;&#x24;||divi||400&#8243; button_icon_color=&#8220;#003B79&#8243; button_on_hover=&#8220;off&#8220; custom_margin=&#8220;||25px&#8220; global_colors_info=&#8220;{}&#8220; button_bg_color__hover_enabled=&#8220;on&#8220; button_bg_color__hover=&#8220;#ffffff&#8220;][\/et_pb_button][\/et_pb_column][et_pb_column type=&#8220;1_2&#8243; _builder_version=&#8220;4.16&#8243; custom_padding=&#8220;25px|25px|25px|25px&#8220; global_colors_info=&#8220;{}&#8220; custom_padding__hover=&#8220;|||&#8220;][et_pb_image src=&#8220;https:\/\/www.opetech.cz\/wp-content\/uploads\/2024\/01\/OpeTech-s.r.o.-_-2023-_-RC-_-Q-pdf.jpg&#8220; title_text=&#8220;OpeTech s.r.o. _ 2023 _ RC _ Q&#8220; show_in_lightbox=&#8220;on&#8220; align_tablet=&#8220;center&#8220; align_phone=&#8220;&#8220; align_last_edited=&#8220;on|desktop&#8220; admin_label=&#8220;Iso&#8220; _builder_version=&#8220;4.23.1&#8243; max_width=&#8220;50%&#8220; module_alignment=&#8220;center&#8220; hover_enabled=&#8220;0&#8243; border_radii=&#8220;|5px|5px|50px|5px&#8220; box_shadow_style=&#8220;preset1&#8243; global_colors_info=&#8220;{}&#8220; transform_styles__hover_enabled=&#8220;on&#8220; transform_scale__hover_enabled=&#8220;on&#8220; transform_translate__hover_enabled=&#8220;on&#8220; transform_rotate__hover_enabled=&#8220;on&#8220; transform_skew__hover_enabled=&#8220;on&#8220; transform_origin__hover_enabled=&#8220;on&#8220; transform_scale__hover=&#8220;110%|110%&#8220; sticky_enabled=&#8220;0&#8243;][\/et_pb_image][et_pb_image src=&#8220;https:\/\/www.opetech.cz\/wp-content\/uploads\/2019\/04\/OpeTech-sro-politika-kvality-norma-csn-en-iso-9001-2016-1.jpg&#8220; url=&#8220;https:\/\/www.opetech.cz\/wp-content\/uploads\/2019\/04\/OpeTech-sro-politika-kvality-norma-csn-en-iso-9001-2016.pdf&#8220; url_new_window=&#8220;on&#8220; align_tablet=&#8220;center&#8220; align_phone=&#8220;&#8220; align_last_edited=&#8220;on|desktop&#8220; admin_label=&#8220;PDF&#8220; _builder_version=&#8220;4.16&#8243; max_width=&#8220;50%&#8220; module_alignment=&#8220;center&#8220; border_radii=&#8220;|5px|5px|50px|5px&#8220; box_shadow_style=&#8220;preset1&#8243; global_colors_info=&#8220;{}&#8220; transform_styles__hover_enabled=&#8220;on&#8220; transform_scale__hover_enabled=&#8220;on&#8220; transform_translate__hover_enabled=&#8220;on&#8220; transform_rotate__hover_enabled=&#8220;on&#8220; transform_skew__hover_enabled=&#8220;on&#8220; transform_origin__hover_enabled=&#8220;on&#8220; transform_scale__hover=&#8220;110%|110%&#8220;][\/et_pb_image][\/et_pb_column][\/et_pb_row][\/et_pb_section][et_pb_section fb_built=&#8220;1&#8243; _builder_version=&#8220;4.16&#8243; custom_padding=&#8220;0px|||||&#8220; global_colors_info=&#8220;{}&#8220;][et_pb_row column_structure=&#8220;1_4,1_2,1_4&#8243; _builder_version=&#8220;4.16&#8243; width=&#8220;90%&#8220; global_colors_info=&#8220;{}&#8220;][et_pb_column type=&#8220;1_4&#8243; _builder_version=&#8220;4.16&#8243; custom_padding=&#8220;|||&#8220; global_colors_info=&#8220;{}&#8220; custom_padding__hover=&#8220;|||&#8220;][\/et_pb_column][et_pb_column type=&#8220;1_2&#8243; _builder_version=&#8220;4.16&#8243; background_color=&#8220;rgba(0,59,121,0.05)&#8220; custom_padding=&#8220;25px|25px|25px|25px&#8220; custom_css_main_element=&#8220;border-radius:5px;||border-bottom-right-radius:50px;||    box-shadow: 0px 2px 18px 0px rgba(0,0,0,0.3);||&#8220; global_colors_info=&#8220;{}&#8220; custom_padding__hover=&#8220;|||&#8220;][et_pb_text _builder_version=&#8220;4.16&#8243; text_font=&#8220;||||||||&#8220; text_font_size=&#8220;18px&#8220; text_line_height=&#8220;2em&#8220; header_font=&#8220;||||||||&#8220; header_2_font=&#8220;||||||||&#8220; header_2_font_size=&#8220;35px&#8220; text_orientation=&#8220;center&#8220; header_2_font_size_tablet=&#8220;30px&#8220; header_2_font_size_phone=&#8220;25px&#8220; header_2_font_size_last_edited=&#8220;on|phone&#8220; global_colors_info=&#8220;{}&#8220;]<\/p>\n<h2>M\u00e1te z\u00e1jem o na\u0161e slu\u017eby?<\/h2>\n<p>Hled\u00e1te dodavatele, nebo m\u00e1te dotaz? Po\u0161lete n\u00e1m popt\u00e1vku nebo dotazy k \u0159ez\u00e1n\u00ed laserem<\/p>\n<p>[\/et_pb_text][et_pb_contact_form email=&#8220;info@opetech.cz&#8220; custom_message=&#8220;Kontaktn\u00ed formul\u00e1\u0159 ze str\u00e1nky Kvalita:||et_pb_line_break_holder||Jm\u00e9no: %%Name%%||et_pb_line_break_holder||E-mail: %%Email%%||et_pb_line_break_holder||Telefon: %%Phone%%||et_pb_line_break_holder||Firma: %%Company%%||et_pb_line_break_holder||Zpr\u00e1va: %%Message%%&#8220; _builder_version=&#8220;4.16&#8243; _unique_id=&#8220;6f588549-f73e-42ea-af37-6310c839836e&#8220; form_field_background_color=&#8220;#ffffff&#8220; form_field_text_color=&#8220;#000000&#8243; title_font=&#8220;||||||||&#8220; form_field_font=&#8220;||||||||&#8220; form_field_font_size=&#8220;16px&#8220; custom_button=&#8220;on&#8220; button_text_size=&#8220;25px&#8220; button_text_color=&#8220;#041230&#8243; button_border_width=&#8220;1px&#8220; button_border_color=&#8220;#041230&#8243; button_border_radius=&#8220;5px&#8220; button_font=&#8220;||||||||&#8220; button_icon=&#8220;&#x24;||divi||400&#8243; button_icon_color=&#8220;#041230&#8243; button_on_hover=&#8220;off&#8220; border_radii=&#8220;on|5px|5px|5px|5px&#8220; border_width_all=&#8220;1px&#8220; border_color_all=&#8220;#003B79&#8243; form_background_color=&#8220;#ffffff&#8220; global_colors_info=&#8220;{}&#8220; button_bg_color__hover_enabled=&#8220;on&#8220; button_bg_color__hover=&#8220;rgba(0,0,0,0)&#8220;][et_pb_contact_field field_id=&#8220;Name&#8220; field_title=&#8220;Jm\u00e9no a p\u0159\u00edjmen\u00ed *&#8220; fullwidth_field=&#8220;on&#8220; _builder_version=&#8220;4.16&#8243; global_colors_info=&#8220;{}&#8220; button_text_size__hover_enabled=&#8220;off&#8220; button_one_text_size__hover_enabled=&#8220;off&#8220; button_two_text_size__hover_enabled=&#8220;off&#8220; button_text_color__hover_enabled=&#8220;off&#8220; button_one_text_color__hover_enabled=&#8220;off&#8220; button_two_text_color__hover_enabled=&#8220;off&#8220; button_border_width__hover_enabled=&#8220;off&#8220; button_one_border_width__hover_enabled=&#8220;off&#8220; button_two_border_width__hover_enabled=&#8220;off&#8220; button_border_color__hover_enabled=&#8220;off&#8220; button_one_border_color__hover_enabled=&#8220;off&#8220; button_two_border_color__hover_enabled=&#8220;off&#8220; button_border_radius__hover_enabled=&#8220;off&#8220; button_one_border_radius__hover_enabled=&#8220;off&#8220; button_two_border_radius__hover_enabled=&#8220;off&#8220; button_letter_spacing__hover_enabled=&#8220;off&#8220; button_one_letter_spacing__hover_enabled=&#8220;off&#8220; button_two_letter_spacing__hover_enabled=&#8220;off&#8220; button_bg_color__hover_enabled=&#8220;off&#8220; button_one_bg_color__hover_enabled=&#8220;off&#8220; button_two_bg_color__hover_enabled=&#8220;off&#8220;][\/et_pb_contact_field][et_pb_contact_field field_id=&#8220;Email&#8220; field_title=&#8220;E-mailov\u00e1 adresa *&#8220; field_type=&#8220;email&#8220; _builder_version=&#8220;4.16&#8243; global_colors_info=&#8220;{}&#8220; button_text_size__hover_enabled=&#8220;off&#8220; button_one_text_size__hover_enabled=&#8220;off&#8220; button_two_text_size__hover_enabled=&#8220;off&#8220; button_text_color__hover_enabled=&#8220;off&#8220; button_one_text_color__hover_enabled=&#8220;off&#8220; button_two_text_color__hover_enabled=&#8220;off&#8220; button_border_width__hover_enabled=&#8220;off&#8220; button_one_border_width__hover_enabled=&#8220;off&#8220; button_two_border_width__hover_enabled=&#8220;off&#8220; button_border_color__hover_enabled=&#8220;off&#8220; button_one_border_color__hover_enabled=&#8220;off&#8220; button_two_border_color__hover_enabled=&#8220;off&#8220; button_border_radius__hover_enabled=&#8220;off&#8220; button_one_border_radius__hover_enabled=&#8220;off&#8220; button_two_border_radius__hover_enabled=&#8220;off&#8220; button_letter_spacing__hover_enabled=&#8220;off&#8220; button_one_letter_spacing__hover_enabled=&#8220;off&#8220; button_two_letter_spacing__hover_enabled=&#8220;off&#8220; button_bg_color__hover_enabled=&#8220;off&#8220; button_one_bg_color__hover_enabled=&#8220;off&#8220; button_two_bg_color__hover_enabled=&#8220;off&#8220;][\/et_pb_contact_field][et_pb_contact_field field_id=&#8220;Phone&#8220; field_title=&#8220;Telefon *&#8220; _builder_version=&#8220;4.16&#8243; global_colors_info=&#8220;{}&#8220;][\/et_pb_contact_field][et_pb_contact_field field_id=&#8220;Company&#8220; field_title=&#8220;Firma&#8220; required_mark=&#8220;off&#8220; fullwidth_field=&#8220;on&#8220; _builder_version=&#8220;4.16&#8243; global_colors_info=&#8220;{}&#8220;][\/et_pb_contact_field][et_pb_contact_field field_id=&#8220;Message&#8220; field_title=&#8220;Po\u017eadavek, zpr\u00e1va, nebo dotaz *&#8220; field_type=&#8220;text&#8220; fullwidth_field=&#8220;on&#8220; _builder_version=&#8220;4.16&#8243; global_colors_info=&#8220;{}&#8220; button_text_size__hover_enabled=&#8220;off&#8220; button_one_text_size__hover_enabled=&#8220;off&#8220; button_two_text_size__hover_enabled=&#8220;off&#8220; button_text_color__hover_enabled=&#8220;off&#8220; button_one_text_color__hover_enabled=&#8220;off&#8220; button_two_text_color__hover_enabled=&#8220;off&#8220; button_border_width__hover_enabled=&#8220;off&#8220; button_one_border_width__hover_enabled=&#8220;off&#8220; button_two_border_width__hover_enabled=&#8220;off&#8220; button_border_color__hover_enabled=&#8220;off&#8220; button_one_border_color__hover_enabled=&#8220;off&#8220; button_two_border_color__hover_enabled=&#8220;off&#8220; button_border_radius__hover_enabled=&#8220;off&#8220; button_one_border_radius__hover_enabled=&#8220;off&#8220; button_two_border_radius__hover_enabled=&#8220;off&#8220; button_letter_spacing__hover_enabled=&#8220;off&#8220; button_one_letter_spacing__hover_enabled=&#8220;off&#8220; button_two_letter_spacing__hover_enabled=&#8220;off&#8220; button_bg_color__hover_enabled=&#8220;off&#8220; button_one_bg_color__hover_enabled=&#8220;off&#8220; button_two_bg_color__hover_enabled=&#8220;off&#8220;][\/et_pb_contact_field][\/et_pb_contact_form][\/et_pb_column][et_pb_column type=&#8220;1_4&#8243; _builder_version=&#8220;4.16&#8243; custom_padding=&#8220;|||&#8220; global_colors_info=&#8220;{}&#8220; custom_padding__hover=&#8220;|||&#8220;][\/et_pb_column][\/et_pb_row][\/et_pb_section][et_pb_section fb_built=&#8220;1&#8243; admin_label=&#8220;Pati\u010dka&#8220; _builder_version=&#8220;4.16&#8243; use_background_color_gradient=&#8220;on&#8220; background_color_gradient_stops=&#8220;#ffffff 0%|rgba(255,255,255,0.85) 100%&#8220; background_color_gradient_start=&#8220;#ffffff&#8220; background_color_gradient_end=&#8220;rgba(255,255,255,0.85)&#8220; background_image=&#8220;https:\/\/www.opetech.cz\/wp-content\/uploads\/2019\/05\/automatizovana-prumyslova-vyroba-opetech-velesin.jpg&#8220; background_blend=&#8220;overlay&#8220; custom_padding=&#8220;0px|||||&#8220; background_color_gradient_stops_tablet=&#8220;#ffffff 0%|rgba(255,255,255,0.85) 100%&#8220; background_color_gradient_stops_phone=&#8220;#ffffff 0%|rgba(255,255,255,0.85) 100%&#8220; global_module=&#8220;440&#8243; saved_tabs=&#8220;all&#8220; locked=&#8220;on&#8220; collapsed=&#8220;off&#8220; global_colors_info=&#8220;{}&#8220;][et_pb_row _builder_version=&#8220;4.16&#8243; locked=&#8220;off&#8220; collapsed=&#8220;on&#8220; global_colors_info=&#8220;{}&#8220;][et_pb_column type=&#8220;4_4&#8243; _builder_version=&#8220;4.16&#8243; custom_padding=&#8220;|||&#8220; global_colors_info=&#8220;{}&#8220; custom_padding__hover=&#8220;|||&#8220;][et_pb_text admin_label=&#8220;Text&#8220; _builder_version=&#8220;4.16&#8243; text_font=&#8220;||||||||&#8220; text_font_size=&#8220;15px&#8220; link_font=&#8220;||||||||&#8220; link_text_color=&#8220;#003B79&#8243; link_font_size=&#8220;15px&#8220; text_orientation=&#8220;center&#8220; global_colors_info=&#8220;{}&#8220;]<\/p>\n<p><em>N\u00e1\u0161 sv\u011bt je kov a plech, jmenujeme se OpeTech.<\/em><\/p>\n<p>[\/et_pb_text][et_pb_image src=&#8220;https:\/\/www.opetech.cz\/wp-content\/uploads\/2019\/04\/OPETECH-obrabeni-kovu-cnc-laser-logo-modre.svg&#8220; align=&#8220;center&#8220; align_tablet=&#8220;center&#8220; align_phone=&#8220;&#8220; align_last_edited=&#8220;on|desktop&#8220; _builder_version=&#8220;4.16&#8243; width=&#8220;15%&#8220; module_alignment=&#8220;center&#8220; global_colors_info=&#8220;{}&#8220;][\/et_pb_image][et_pb_text _builder_version=&#8220;4.16&#8243; text_font=&#8220;||||||||&#8220; text_font_size=&#8220;15px&#8220; link_font=&#8220;||||||||&#8220; link_text_color=&#8220;#003B79&#8243; link_font_size=&#8220;15px&#8220; text_orientation=&#8220;center&#8220; global_colors_info=&#8220;{}&#8220;]<\/p>\n<p><a href=\"\/\">\u00davod<\/a> | <a href=\"\/laserove-rezani-kovu-a-plechu\/\">\u0158ez\u00e1n\u00ed laserem<\/a> | <a href=\"\/cnc-obrabeni-frezovani-kovu-plastu-a-svarencu\/\">CNC Obr\u00e1b\u011bn\u00ed<\/a> | <a href=\"\/ohranovani-plechu\/\">Ohra\u0148ov\u00e1n\u00ed<\/a> | <a href=\"\/automatizace-prumyslove-vyroby\/\">Automatizace<\/a> | <a href=\"\/politika-jakosti\/\">Kvalita<\/a> | <a href=\"\/kariera\/\">Kari\u00e9ra<\/a> | <a href=\"\/kontakt\/\">Kontakty<\/a><\/p>\n<p>[\/et_pb_text][et_pb_text admin_label=&#8220;Text&#8220; _builder_version=&#8220;4.16&#8243; text_font=&#8220;||||||||&#8220; text_font_size=&#8220;15px&#8220; link_font=&#8220;||||||||&#8220; link_text_color=&#8220;#003B79&#8243; link_font_size=&#8220;15px&#8220; text_orientation=&#8220;center&#8220; global_colors_info=&#8220;{}&#8220;]<span>Pracujeme pro v\u00e1s roku 1991. V roce 2014 do\u0161lo k transformaci spole\u010dnosti a zalo\u017een\u00ed nov\u00e9ho subjektu Opetech s.r.o.,<br \/>kter\u00fd plynule nav\u00e1zal na p\u0159ede\u0161l\u00fd v\u00fdrobn\u00ed program.<\/span>[\/et_pb_text][\/et_pb_column][\/et_pb_row][et_pb_row column_structure=&#8220;1_5,1_5,1_5,1_5,1_5&#8243; _builder_version=&#8220;4.16&#8243; collapsed=&#8220;off&#8220; global_colors_info=&#8220;{}&#8220;][et_pb_column type=&#8220;1_5&#8243; _builder_version=&#8220;4.16&#8243; custom_padding=&#8220;|||&#8220; global_colors_info=&#8220;{}&#8220; custom_padding__hover=&#8220;|||&#8220;][\/et_pb_column][et_pb_column type=&#8220;1_5&#8243; _builder_version=&#8220;4.16&#8243; custom_padding=&#8220;|||&#8220; global_colors_info=&#8220;{}&#8220; custom_padding__hover=&#8220;|||&#8220;][et_pb_text _builder_version=&#8220;4.16&#8243; text_font=&#8220;||||||||&#8220; text_font_size=&#8220;15px&#8220; link_font=&#8220;||||||||&#8220; link_text_color=&#8220;#003B79&#8243; link_font_size=&#8220;15px&#8220; text_orientation=&#8220;center&#8220; locked=&#8220;off&#8220; global_colors_info=&#8220;{}&#8220;]<\/p>\n<h4>Adresa kovov\u00fdroby<\/h4>\n<p>OpeTech s.r.o.<br \/> Nov\u00e1 634, Vele\u0161\u00edn N\u00e1dra\u017e\u00ed<br \/> 382 32 Vele\u0161\u00edn<br \/> Jiho\u010desk\u00fd kraj<\/p>\n<p>[\/et_pb_text][\/et_pb_column][et_pb_column type=&#8220;1_5&#8243; _builder_version=&#8220;4.16&#8243; custom_padding=&#8220;|||&#8220; global_colors_info=&#8220;{}&#8220; custom_padding__hover=&#8220;|||&#8220;][et_pb_text _builder_version=&#8220;4.16&#8243; text_font=&#8220;||||||||&#8220; text_font_size=&#8220;15px&#8220; link_font=&#8220;||||||||&#8220; link_text_color=&#8220;#003B79&#8243; link_font_size=&#8220;15px&#8220; text_orientation=&#8220;center&#8220; global_colors_info=&#8220;{}&#8220;]<\/p>\n<h4>Faktura\u010dn\u00ed adresa<\/h4>\n<p>OpeTech s.r.o.<br \/> V\u011b\u017eovat\u00e1 Pl\u00e1n\u011b 26<br \/> 382 32 Vele\u0161\u00edn<br \/> Jiho\u010desk\u00fd kraj<\/p>\n<p>I\u010cO: 03347401<br \/>DI\u010c: CZ03347401<\/p>\n<p>[\/et_pb_text][\/et_pb_column][et_pb_column type=&#8220;1_5&#8243; _builder_version=&#8220;4.16&#8243; custom_padding=&#8220;|||&#8220; global_colors_info=&#8220;{}&#8220; custom_padding__hover=&#8220;|||&#8220;][et_pb_text _builder_version=&#8220;4.16&#8243; text_font=&#8220;||||||||&#8220; text_font_size=&#8220;15px&#8220; link_font=&#8220;||||||||&#8220; link_text_color=&#8220;#003B79&#8243; link_font_size=&#8220;15px&#8220; text_orientation=&#8220;center&#8220; global_colors_info=&#8220;{}&#8220;]<\/p>\n<h4>Kontakty<\/h4>\n<p>info@opetech.cz<br \/><span style=\"font-size: 14px;\">+420 792 316 825<\/span><\/p>\n<p>&nbsp;<\/p>\n<p>[\/et_pb_text][\/et_pb_column][et_pb_column type=&#8220;1_5&#8243; _builder_version=&#8220;4.16&#8243; custom_padding=&#8220;|||&#8220; global_colors_info=&#8220;{}&#8220; custom_padding__hover=&#8220;|||&#8220;][\/et_pb_column][\/et_pb_row][\/et_pb_section]<\/p>\n","protected":false},"excerpt":{"rendered":"<p>KvalitaPolitika kvality Standardizovan\u00fd syst\u00e9m \u0159\u00edzen\u00ed n\u00e1m pom\u00e1h\u00e1 udr\u017eovat stabiln\u00ed kvalitu na\u0161\u00ed v\u00fdroby pomoc\u00ed jednotn\u00fdch v\u00fdrobn\u00edch postup\u016f, kontroln\u00edch \u010dinnost\u00ed a v\u0161ech podp\u016frn\u00fdch proces\u016f v souladu s mezin\u00e1rodn\u00ed normou \u010cSN EN ISO 9001:2016. Krom\u011b zam\u011b\u0159en\u00ed na kvalitu respektujeme rovn\u011b\u017e ochranu \u017eivotn\u00edho prost\u0159ed\u00ed ve v\u0161ech f\u00e1z\u00edch \u010dinnost\u00ed a bezpe\u010dnost a ochranu zdrav\u00ed p\u0159i pr\u00e1ci na\u0161ich zam\u011bstnanc\u016f. &nbsp; CZ-NACE [&hellip;]<\/p>\n","protected":false},"author":1,"featured_media":0,"parent":0,"menu_order":0,"comment_status":"closed","ping_status":"closed","template":"","meta":{"_et_pb_use_builder":"on","_et_pb_old_content":"<!-- wp:divi\/placeholder \/-->","_et_gb_content_width":"","footnotes":""},"class_list":["post-16","page","type-page","status-publish","hentry"],"_links":{"self":[{"href":"https:\/\/www.opetech.cz\/en\/wp-json\/wp\/v2\/pages\/16","targetHints":{"allow":["GET"]}}],"collection":[{"href":"https:\/\/www.opetech.cz\/en\/wp-json\/wp\/v2\/pages"}],"about":[{"href":"https:\/\/www.opetech.cz\/en\/wp-json\/wp\/v2\/types\/page"}],"author":[{"embeddable":true,"href":"https:\/\/www.opetech.cz\/en\/wp-json\/wp\/v2\/users\/1"}],"replies":[{"embeddable":true,"href":"https:\/\/www.opetech.cz\/en\/wp-json\/wp\/v2\/comments?post=16"}],"version-history":[{"count":46,"href":"https:\/\/www.opetech.cz\/en\/wp-json\/wp\/v2\/pages\/16\/revisions"}],"predecessor-version":[{"id":1052,"href":"https:\/\/www.opetech.cz\/en\/wp-json\/wp\/v2\/pages\/16\/revisions\/1052"}],"wp:attachment":[{"href":"https:\/\/www.opetech.cz\/en\/wp-json\/wp\/v2\/media?parent=16"}],"curies":[{"name":"wp","href":"https:\/\/api.w.org\/{rel}","templated":true}]}}