{"id":21,"date":"2019-04-17T15:03:11","date_gmt":"2019-04-17T13:03:11","guid":{"rendered":"http:\/\/www.opetech.cz\/?page_id=21"},"modified":"2019-05-06T15:06:04","modified_gmt":"2019-05-06T13:06:04","slug":"automation-of-industrial-production","status":"publish","type":"page","link":"https:\/\/www.opetech.cz\/en\/automatizace-prumyslove-vyroby\/","title":{"rendered":"Automation"},"content":{"rendered":"<p>[et_pb_section fb_built=&#8220;1&#8243; _builder_version=&#8220;3.22.6&#8243; use_background_color_gradient=&#8220;on&#8220; background_color_gradient_start=&#8220;rgba(255,255,255,0)&#8220; background_color_gradient_end=&#8220;#ffffff&#8220; background_image=&#8220;https:\/\/www.opetech.cz\/wp-content\/uploads\/2019\/05\/automatizovana-prumyslova-vyroba-opetech-velesin.jpg&#8220; background_position=&#8220;top_center&#8220; background_blend=&#8220;overlay&#8220; custom_padding=&#8220;||0px&#8220; locked=&#8220;on&#8220;][et_pb_row make_equal=&#8220;on&#8220; _builder_version=&#8220;3.22.3&#8243; width=&#8220;90%&#8220; max_width=&#8220;100%&#8220; module_alignment=&#8220;center&#8220; height=&#8220;100px&#8220;][et_pb_column type=&#8220;3_4&#8243; _builder_version=&#8220;3.22.2&#8243;][et_pb_text admin_label=&#8220;Nadpis str\u00e1nky&#8220; _builder_version=&#8220;3.22.4&#8243; text_font=&#8220;||||||||&#8220; text_font_size=&#8220;18px&#8220; text_line_height=&#8220;2em&#8220; header_font=&#8220;||||||||&#8220; header_font_size=&#8220;45px&#8220; header_font_size_tablet=&#8220;40px&#8220; header_font_size_phone=&#8220;35px&#8220; header_font_size_last_edited=&#8220;on|phone&#8220; header_line_height=&#8220;1.2em&#8220; header_2_font=&#8220;||||||||&#8220; header_2_font_size=&#8220;35px&#8220; header_2_font_size_tablet=&#8220;30px&#8220; header_2_font_size_phone=&#8220;25px&#8220; header_2_font_size_last_edited=&#8220;on|phone&#8220;]<\/p>\n<h1>Automatizace pr\u016fmyslov\u00e9 v\u00fdroby<\/h1>\n<p>[\/et_pb_text][\/et_pb_column][et_pb_column type=&#8220;1_4&#8243; _builder_version=&#8220;3.22.2&#8243;][\/et_pb_column][\/et_pb_row][\/et_pb_section][et_pb_section fb_built=&#8220;1&#8243; _builder_version=&#8220;3.22.3&#8243;][et_pb_row make_equal=&#8220;on&#8220; padding_top_1=&#8220;25px&#8220; padding_top_2=&#8220;25px&#8220; padding_right_1=&#8220;25px&#8220; padding_right_2=&#8220;25px&#8220; padding_bottom_1=&#8220;25px&#8220; padding_bottom_2=&#8220;25px&#8220; padding_left_1=&#8220;25px&#8220; padding_left_2=&#8220;25px&#8220; _builder_version=&#8220;3.22.4&#8243; width=&#8220;90%&#8220;][et_pb_column type=&#8220;1_2&#8243; _builder_version=&#8220;3.22.2&#8243;][et_pb_text admin_label=&#8220;Text&#8220; _builder_version=&#8220;3.22.7&#8243; text_font=&#8220;||||||||&#8220; text_font_size=&#8220;18px&#8220; text_line_height=&#8220;2em&#8220; header_font=&#8220;||||||||&#8220; header_2_font=&#8220;||||||||&#8220; header_2_font_size=&#8220;35px&#8220; header_2_font_size_tablet=&#8220;30px&#8220; header_2_font_size_phone=&#8220;25px&#8220; header_2_font_size_last_edited=&#8220;on|phone&#8220;]<\/p>\n<h2>Automatizace v\u00fdroby<\/h2>\n<p>Zab\u00fdv\u00e1me se n\u00e1vrhem, v\u00fdvojem a realizac\u00ed nov\u00fdch technologi\u00ed v oblastech pr\u016fmyslov\u00e9 automatizace. Na\u0161im z\u00e1kazn\u00edk\u016fm pom\u00e1h\u00e1me ve zvy\u0161ov\u00e1n\u00ed produktivity a bezpe\u010dnosti pracovn\u00edk\u016f. Na\u0161im v\u00fdznamn\u00fdm z\u00e1kazn\u00edkem je <strong>\u0160KODA AUTO a.s.<\/strong><\/p>\n<p>[\/et_pb_text][\/et_pb_column][et_pb_column type=&#8220;1_2&#8243; _builder_version=&#8220;3.22.2&#8243;][et_pb_image src=&#8220;https:\/\/www.opetech.cz\/wp-content\/uploads\/2019\/05\/automatizace-prumyslove-vyroby-opetech.jpg&#8220; _builder_version=&#8220;3.22.5&#8243; border_radii=&#8220;|5px|5px|50px|5px&#8220; custom_margin=&#8220;0px||&#8220;][\/et_pb_image][\/et_pb_column][\/et_pb_row][\/et_pb_section][et_pb_section fb_built=&#8220;1&#8243; _builder_version=&#8220;3.22.3&#8243; custom_padding=&#8220;0px||0px|||&#8220;][et_pb_row custom_padding=&#8220;0px||0px|||&#8220; _builder_version=&#8220;3.22.3&#8243;][et_pb_column type=&#8220;4_4&#8243; _builder_version=&#8220;3.22.2&#8243;][et_pb_text admin_label=&#8220;Nadpis sekce na\u0161e realizace&#8220; _builder_version=&#8220;3.22.7&#8243; text_font=&#8220;||||||||&#8220; text_font_size=&#8220;18px&#8220; text_line_height=&#8220;2em&#8220; header_font=&#8220;||||||||&#8220; header_2_font=&#8220;||||||||&#8220; header_2_font_size=&#8220;35px&#8220; header_2_font_size_tablet=&#8220;30px&#8220; header_2_font_size_phone=&#8220;25px&#8220; header_2_font_size_last_edited=&#8220;on|phone&#8220; text_orientation=&#8220;center&#8220;]<\/p>\n<h2>Uk\u00e1zka na\u0161\u00ed pr\u00e1ce<\/h2>\n<p>[\/et_pb_text][\/et_pb_column][\/et_pb_row][\/et_pb_section][et_pb_section fb_built=&#8220;1&#8243; _builder_version=&#8220;3.22.4&#8243;][et_pb_row make_equal=&#8220;on&#8220; background_color_1=&#8220;rgba(0,59,121,0.05)&#8220; background_color_2=&#8220;rgba(0,59,121,0.05)&#8220; background_color_3=&#8220;rgba(0,59,121,0.05)&#8220; padding_top_1=&#8220;25px&#8220; padding_top_2=&#8220;25px&#8220; padding_top_3=&#8220;25px&#8220; padding_right_1=&#8220;25px&#8220; padding_right_2=&#8220;25px&#8220; padding_right_3=&#8220;25px&#8220; padding_bottom_1=&#8220;25px&#8220; padding_bottom_2=&#8220;25px&#8220; padding_bottom_3=&#8220;25px&#8220; padding_left_1=&#8220;25px&#8220; padding_left_2=&#8220;25px&#8220; padding_left_3=&#8220;25px&#8220; custom_css_main_1=&#8220;border-radius:5px;||border-bottom-right-radius:50px;||    box-shadow: 0px 2px 18px 0px rgba(0,0,0,0.3);||&#8220; custom_css_main_2=&#8220;border-radius:5px;||border-bottom-right-radius:50px;||    box-shadow: 0px 2px 18px 0px rgba(0,0,0,0.3);||&#8220; custom_css_main_3=&#8220;border-radius:5px;||border-bottom-right-radius:50px;||    box-shadow: 0px 2px 18px 0px rgba(0,0,0,0.3);||&#8220; _builder_version=&#8220;3.22.4&#8243; width=&#8220;90%&#8220; max_width=&#8220;100%&#8220;][et_pb_column type=&#8220;1_2&#8243; _builder_version=&#8220;3.22.2&#8243;][et_pb_text _builder_version=&#8220;3.22.7&#8243; text_font=&#8220;||||||||&#8220; text_font_size=&#8220;18px&#8220; text_line_height=&#8220;2em&#8220; header_font=&#8220;||||||||&#8220; header_2_font=&#8220;||||||||&#8220; header_2_font_size=&#8220;35px&#8220; header_2_font_size_tablet=&#8220;30px&#8220; header_2_font_size_phone=&#8220;25px&#8220; header_2_font_size_last_edited=&#8220;on|phone&#8220;]<\/p>\n<h2>Od konstrukce&#8230;<\/h2>\n<p>3D n\u00e1vrh v\u00fdrobn\u00ed linky\u00a0<\/p>\n<p>[\/et_pb_text][et_pb_gallery gallery_ids=&#8220;556,555,553,787&#8243; show_title_and_caption=&#8220;off&#8220; _builder_version=&#8220;3.22.7&#8243; pagination_font=&#8220;||||||||&#8220; pagination_text_color=&#8220;#003B79&#8243;][\/et_pb_gallery][\/et_pb_column][et_pb_column type=&#8220;1_2&#8243; _builder_version=&#8220;3.22.2&#8243;][et_pb_text _builder_version=&#8220;3.22.7&#8243; text_font=&#8220;||||||||&#8220; text_font_size=&#8220;18px&#8220; text_line_height=&#8220;2em&#8220; header_font=&#8220;||||||||&#8220; header_2_font=&#8220;||||||||&#8220; header_2_font_size=&#8220;35px&#8220; header_2_font_size_tablet=&#8220;30px&#8220; header_2_font_size_phone=&#8220;25px&#8220; header_2_font_size_last_edited=&#8220;on|phone&#8220;]<\/p>\n<h2>&#8230; po realizaci<\/h2>\n<p>Realizace automatizovan\u00e9 v\u00fdrobn\u00ed linky dle 3D n\u00e1vrhu.<\/p>\n<p>[\/et_pb_text][et_pb_gallery gallery_ids=&#8220;566,565,782,784&#8243; show_title_and_caption=&#8220;off&#8220; _builder_version=&#8220;3.22.7&#8243; pagination_font=&#8220;||||||||&#8220; pagination_text_color=&#8220;#003B79&#8243;][\/et_pb_gallery][\/et_pb_column][\/et_pb_row][\/et_pb_section][et_pb_section fb_built=&#8220;1&#8243; _builder_version=&#8220;3.22.3&#8243; custom_padding=&#8220;0px|||||&#8220;][et_pb_row background_color_2=&#8220;rgba(0,59,121,0.05)&#8220; padding_top_2=&#8220;25px&#8220; padding_right_2=&#8220;25px&#8220; padding_bottom_2=&#8220;25px&#8220; padding_left_2=&#8220;25px&#8220; custom_css_main_2=&#8220;border-radius:5px;||border-bottom-right-radius:50px;||    box-shadow: 0px 2px 18px 0px rgba(0,0,0,0.3);||&#8220; _builder_version=&#8220;3.22.4&#8243; width=&#8220;90%&#8220; module_alignment=&#8220;center&#8220;][et_pb_column type=&#8220;1_4&#8243; _builder_version=&#8220;3.22.2&#8243;][\/et_pb_column][et_pb_column type=&#8220;1_2&#8243; _builder_version=&#8220;3.22.2&#8243;][et_pb_text admin_label=&#8220;nadpis a popis formul\u00e1\u0159e&#8220; _builder_version=&#8220;3.22.2&#8243; text_font=&#8220;||||||||&#8220; text_font_size=&#8220;18px&#8220; text_line_height=&#8220;2em&#8220; header_font=&#8220;||||||||&#8220; header_2_font=&#8220;||||||||&#8220; header_2_font_size=&#8220;35px&#8220; header_2_font_size_tablet=&#8220;30px&#8220; header_2_font_size_phone=&#8220;25px&#8220; header_2_font_size_last_edited=&#8220;on|phone&#8220; text_orientation=&#8220;center&#8220;]<\/p>\n<h2>M\u00e1te z\u00e1jem o automatizaci v\u00fdroby?<\/h2>\n<p>Hled\u00e1te dodavatele, nebo m\u00e1te dotaz? Po\u0161lete n\u00e1m popt\u00e1vku nebo va\u0161e dotazy.<\/p>\n<p>[\/et_pb_text][et_pb_contact_form email=&#8220;info@opetech.cz&#8220; custom_message=&#8220;Kontaktn\u00ed formul\u00e1\u0159 ze str\u00e1nky Automatizace:||et_pb_line_break_holder||Jm\u00e9no: %%Name%%||et_pb_line_break_holder||E-mail: %%Email%%||et_pb_line_break_holder||Telefon: %%Phone%%||et_pb_line_break_holder||Firma: %%Company%%||et_pb_line_break_holder||Zpr\u00e1va: %%Message%%&#8220; form_background_color=&#8220;#ffffff&#8220; _builder_version=&#8220;3.22.5&#8243; title_font=&#8220;||||||||&#8220; form_field_font=&#8220;||||||||&#8220; form_field_text_color=&#8220;#000000&#8243; form_field_font_size=&#8220;16px&#8220; border_radii=&#8220;on|5px|5px|5px|5px&#8220; border_width_all=&#8220;1px&#8220; border_color_all=&#8220;#003B79&#8243; custom_button=&#8220;on&#8220; button_text_size=&#8220;25px&#8220; button_text_color=&#8220;#041230&#8243; button_border_width=&#8220;1px&#8220; button_border_color=&#8220;#041230&#8243; button_border_radius=&#8220;5px&#8220; button_font=&#8220;||||||||&#8220; button_icon=&#8220;%%3%%&#8220; button_icon_color=&#8220;#041230&#8243; button_on_hover=&#8220;off&#8220; button_bg_color__hover_enabled=&#8220;on&#8220; button_bg_color__hover=&#8220;rgba(0,0,0,0)&#8220;][et_pb_contact_field field_id=&#8220;Name&#8220; field_title=&#8220;Jm\u00e9no a p\u0159\u00edjmen\u00ed *&#8220; fullwidth_field=&#8220;on&#8220; _builder_version=&#8220;3.22.2&#8243; border_radii=&#8220;on||||&#8220; button_text_size__hover_enabled=&#8220;off&#8220; button_one_text_size__hover_enabled=&#8220;off&#8220; button_two_text_size__hover_enabled=&#8220;off&#8220; button_text_color__hover_enabled=&#8220;off&#8220; button_one_text_color__hover_enabled=&#8220;off&#8220; button_two_text_color__hover_enabled=&#8220;off&#8220; button_border_width__hover_enabled=&#8220;off&#8220; button_one_border_width__hover_enabled=&#8220;off&#8220; button_two_border_width__hover_enabled=&#8220;off&#8220; button_border_color__hover_enabled=&#8220;off&#8220; button_one_border_color__hover_enabled=&#8220;off&#8220; button_two_border_color__hover_enabled=&#8220;off&#8220; button_border_radius__hover_enabled=&#8220;off&#8220; button_one_border_radius__hover_enabled=&#8220;off&#8220; button_two_border_radius__hover_enabled=&#8220;off&#8220; button_letter_spacing__hover_enabled=&#8220;off&#8220; button_one_letter_spacing__hover_enabled=&#8220;off&#8220; button_two_letter_spacing__hover_enabled=&#8220;off&#8220; button_bg_color__hover_enabled=&#8220;off&#8220; button_one_bg_color__hover_enabled=&#8220;off&#8220; button_two_bg_color__hover_enabled=&#8220;off&#8220;][\/et_pb_contact_field][et_pb_contact_field field_id=&#8220;Email&#8220; field_title=&#8220;E-mailov\u00e1 adresa *&#8220; field_type=&#8220;email&#8220; _builder_version=&#8220;3.22.2&#8243; border_radii=&#8220;on||||&#8220; button_text_size__hover_enabled=&#8220;off&#8220; button_one_text_size__hover_enabled=&#8220;off&#8220; button_two_text_size__hover_enabled=&#8220;off&#8220; button_text_color__hover_enabled=&#8220;off&#8220; button_one_text_color__hover_enabled=&#8220;off&#8220; button_two_text_color__hover_enabled=&#8220;off&#8220; button_border_width__hover_enabled=&#8220;off&#8220; button_one_border_width__hover_enabled=&#8220;off&#8220; button_two_border_width__hover_enabled=&#8220;off&#8220; button_border_color__hover_enabled=&#8220;off&#8220; button_one_border_color__hover_enabled=&#8220;off&#8220; button_two_border_color__hover_enabled=&#8220;off&#8220; button_border_radius__hover_enabled=&#8220;off&#8220; button_one_border_radius__hover_enabled=&#8220;off&#8220; button_two_border_radius__hover_enabled=&#8220;off&#8220; button_letter_spacing__hover_enabled=&#8220;off&#8220; button_one_letter_spacing__hover_enabled=&#8220;off&#8220; button_two_letter_spacing__hover_enabled=&#8220;off&#8220; button_bg_color__hover_enabled=&#8220;off&#8220; button_one_bg_color__hover_enabled=&#8220;off&#8220; button_two_bg_color__hover_enabled=&#8220;off&#8220;][\/et_pb_contact_field][et_pb_contact_field field_id=&#8220;Phone&#8220; field_title=&#8220;Telefon *&#8220; _builder_version=&#8220;3.22.2&#8243;][\/et_pb_contact_field][et_pb_contact_field field_id=&#8220;Company&#8220; field_title=&#8220;Firma&#8220; required_mark=&#8220;off&#8220; fullwidth_field=&#8220;on&#8220; _builder_version=&#8220;3.22.2&#8243;][\/et_pb_contact_field][et_pb_contact_field field_id=&#8220;Message&#8220; field_title=&#8220;Po\u017eadavek, zpr\u00e1va, nebo dotaz *&#8220; field_type=&#8220;text&#8220; fullwidth_field=&#8220;on&#8220; _builder_version=&#8220;3.22.2&#8243; border_radii=&#8220;on||||&#8220; button_text_size__hover_enabled=&#8220;off&#8220; button_one_text_size__hover_enabled=&#8220;off&#8220; button_two_text_size__hover_enabled=&#8220;off&#8220; button_text_color__hover_enabled=&#8220;off&#8220; button_one_text_color__hover_enabled=&#8220;off&#8220; button_two_text_color__hover_enabled=&#8220;off&#8220; button_border_width__hover_enabled=&#8220;off&#8220; button_one_border_width__hover_enabled=&#8220;off&#8220; button_two_border_width__hover_enabled=&#8220;off&#8220; button_border_color__hover_enabled=&#8220;off&#8220; button_one_border_color__hover_enabled=&#8220;off&#8220; button_two_border_color__hover_enabled=&#8220;off&#8220; button_border_radius__hover_enabled=&#8220;off&#8220; button_one_border_radius__hover_enabled=&#8220;off&#8220; button_two_border_radius__hover_enabled=&#8220;off&#8220; button_letter_spacing__hover_enabled=&#8220;off&#8220; button_one_letter_spacing__hover_enabled=&#8220;off&#8220; button_two_letter_spacing__hover_enabled=&#8220;off&#8220; button_bg_color__hover_enabled=&#8220;off&#8220; button_one_bg_color__hover_enabled=&#8220;off&#8220; button_two_bg_color__hover_enabled=&#8220;off&#8220;][\/et_pb_contact_field][\/et_pb_contact_form][\/et_pb_column][et_pb_column type=&#8220;1_4&#8243; _builder_version=&#8220;3.22.2&#8243;][\/et_pb_column][\/et_pb_row][\/et_pb_section][et_pb_section fb_built=&#8220;1&#8243; admin_label=&#8220;Pati\u010dka&#8220; _builder_version=&#8220;3.22.6&#8243; use_background_color_gradient=&#8220;on&#8220; background_color_gradient_start=&#8220;#ffffff&#8220; background_color_gradient_end=&#8220;rgba(255,255,255,0.85)&#8220; background_image=&#8220;https:\/\/www.opetech.cz\/wp-content\/uploads\/2019\/05\/automatizovana-prumyslova-vyroba-opetech-velesin.jpg&#8220; background_blend=&#8220;overlay&#8220; custom_padding=&#8220;0px|||||&#8220; global_module=&#8220;440&#8243; locked=&#8220;on&#8220;][et_pb_row _builder_version=&#8220;3.22.4&#8243; locked=&#8220;off&#8220;][et_pb_column type=&#8220;4_4&#8243; _builder_version=&#8220;3.22.4&#8243;][et_pb_text _builder_version=&#8220;3.22.4&#8243; text_font=&#8220;||||||||&#8220; text_font_size=&#8220;15px&#8220; link_font=&#8220;||||||||&#8220; link_text_color=&#8220;#003B79&#8243; link_font_size=&#8220;15px&#8220; text_orientation=&#8220;center&#8220;]<\/p>\n<p><em>N\u00e1\u0161 sv\u011bt je kov a plech, jmenujeme se OpeTech.<\/em><\/p>\n<p>[\/et_pb_text][et_pb_image src=&#8220;https:\/\/www.opetech.cz\/wp-content\/uploads\/2019\/04\/OPETECH-obrabeni-kovu-cnc-laser-logo-modre.svg&#8220; align=&#8220;center&#8220; _builder_version=&#8220;3.22.4&#8243; width=&#8220;15%&#8220; module_alignment=&#8220;center&#8220;][\/et_pb_image][et_pb_text _builder_version=&#8220;3.22.4&#8243; text_font=&#8220;||||||||&#8220; text_font_size=&#8220;15px&#8220; link_font=&#8220;||||||||&#8220; link_text_color=&#8220;#003B79&#8243; link_font_size=&#8220;15px&#8220; text_orientation=&#8220;center&#8220;]<\/p>\n<p><a href=\"\/\">\u00davod<\/a> | <a href=\"\/laserove-rezani-kovu-a-plechu\/\">\u0158ez\u00e1n\u00ed laserem<\/a> | <a href=\"\/cnc-obrabeni-frezovani-kovu-plastu-a-svarencu\/\">CNC Obr\u00e1b\u011bn\u00ed<\/a> | <a href=\"\/ohranovani-plechu\/\">Ohra\u0148ov\u00e1n\u00ed<\/a> | <a href=\"\/automatizace-prumyslove-vyroby\/\">Automatizace<\/a> | <a href=\"\/politika-jakosti\/\">Kvalita<\/a> | <a href=\"\/kariera\/\">Kari\u00e9ra<\/a> | <a href=\"\/kontakt\/\">Kontakty<\/a><\/p>\n<p>[\/et_pb_text][et_pb_text _builder_version=&#8220;3.22.4&#8243; text_font=&#8220;||||||||&#8220; text_font_size=&#8220;15px&#8220; link_font=&#8220;||||||||&#8220; link_text_color=&#8220;#003B79&#8243; link_font_size=&#8220;15px&#8220; text_orientation=&#8220;center&#8220;]<span>Pracujeme pro v\u00e1s roku 1991. V roce 2014 do\u0161lo k transformaci spole\u010dnosti a zalo\u017een\u00ed nov\u00e9ho subjektu Opetech s.r.o.,<br \/>kter\u00fd plynule nav\u00e1zal na p\u0159ede\u0161l\u00fd v\u00fdrobn\u00ed program.<\/span>[\/et_pb_text][\/et_pb_column][\/et_pb_row][et_pb_row _builder_version=&#8220;3.22.4&#8243;][et_pb_column type=&#8220;1_5&#8243; _builder_version=&#8220;3.22.4&#8243;][\/et_pb_column][et_pb_column type=&#8220;1_5&#8243; _builder_version=&#8220;3.22.4&#8243;][et_pb_text _builder_version=&#8220;3.22.4&#8243; text_font=&#8220;||||||||&#8220; text_font_size=&#8220;15px&#8220; link_font=&#8220;||||||||&#8220; link_text_color=&#8220;#003B79&#8243; link_font_size=&#8220;15px&#8220; text_orientation=&#8220;center&#8220;]<\/p>\n<h4>Adresa kovov\u00fdroby<\/h4>\n<p>OpeTech s.r.o.<br \/> Nov\u00e1 634, Vele\u0161\u00edn N\u00e1dra\u017e\u00ed<br \/> 382 32 Vele\u0161\u00edn<br \/> Jiho\u010desk\u00fd kraj<\/p>\n<p>[\/et_pb_text][\/et_pb_column][et_pb_column type=&#8220;1_5&#8243; _builder_version=&#8220;3.22.4&#8243;][et_pb_text _builder_version=&#8220;3.22.4&#8243; text_font=&#8220;||||||||&#8220; text_font_size=&#8220;15px&#8220; link_font=&#8220;||||||||&#8220; link_text_color=&#8220;#003B79&#8243; link_font_size=&#8220;15px&#8220; text_orientation=&#8220;center&#8220;]<\/p>\n<h4>Faktura\u010dn\u00ed adresa<\/h4>\n<p>OpeTech s.r.o.<br \/> V\u011b\u017eovat\u00e1 Pl\u00e1n\u011b 26<br \/> 382 32 Vele\u0161\u00edn<br \/> Jiho\u010desk\u00fd kraj<\/p>\n<p>I\u010cO: 03347401<br \/>DI\u010c: CZ03347401<\/p>\n<p>[\/et_pb_text][\/et_pb_column][et_pb_column type=&#8220;1_5&#8243; _builder_version=&#8220;3.22.4&#8243;][et_pb_text _builder_version=&#8220;3.22.4&#8243; text_font=&#8220;||||||||&#8220; text_font_size=&#8220;15px&#8220; link_font=&#8220;||||||||&#8220; link_text_color=&#8220;#003B79&#8243; link_font_size=&#8220;15px&#8220; text_orientation=&#8220;center&#8220;]<\/p>\n<h4>Kontakty<\/h4>\n<p>info@opetech.cz<br \/><span style=\"font-size: 14px;\">+420 792 316 825<\/span><\/p>\n<p>&nbsp;<\/p>\n<p>[\/et_pb_text][\/et_pb_column][et_pb_column type=&#8220;1_5&#8243; _builder_version=&#8220;3.22.4&#8243;][\/et_pb_column][\/et_pb_row][\/et_pb_section]<\/p>\n","protected":false},"excerpt":{"rendered":"<p>Automatizace pr\u016fmyslov\u00e9 v\u00fdrobyAutomatizace v\u00fdroby Zab\u00fdv\u00e1me se n\u00e1vrhem, v\u00fdvojem a realizac\u00ed nov\u00fdch technologi\u00ed v oblastech pr\u016fmyslov\u00e9 automatizace. Na\u0161im z\u00e1kazn\u00edk\u016fm pom\u00e1h\u00e1me ve zvy\u0161ov\u00e1n\u00ed produktivity a bezpe\u010dnosti pracovn\u00edk\u016f. Na\u0161im v\u00fdznamn\u00fdm z\u00e1kazn\u00edkem je \u0160KODA AUTO a.s.Uk\u00e1zka na\u0161\u00ed pr\u00e1ceOd konstrukce&#8230; 3D n\u00e1vrh v\u00fdrobn\u00ed linky\u00a0&#8230; po realizaci Realizace automatizovan\u00e9 v\u00fdrobn\u00ed linky dle 3D n\u00e1vrhu.M\u00e1te z\u00e1jem o automatizaci v\u00fdroby? Hled\u00e1te dodavatele, nebo [&hellip;]<\/p>\n","protected":false},"author":1,"featured_media":0,"parent":0,"menu_order":0,"comment_status":"closed","ping_status":"closed","template":"","meta":{"_et_pb_use_builder":"on","_et_pb_old_content":"<!-- wp:divi\/placeholder \/-->","_et_gb_content_width":"","footnotes":""},"class_list":["post-21","page","type-page","status-publish","hentry"],"_links":{"self":[{"href":"https:\/\/www.opetech.cz\/en\/wp-json\/wp\/v2\/pages\/21","targetHints":{"allow":["GET"]}}],"collection":[{"href":"https:\/\/www.opetech.cz\/en\/wp-json\/wp\/v2\/pages"}],"about":[{"href":"https:\/\/www.opetech.cz\/en\/wp-json\/wp\/v2\/types\/page"}],"author":[{"embeddable":true,"href":"https:\/\/www.opetech.cz\/en\/wp-json\/wp\/v2\/users\/1"}],"replies":[{"embeddable":true,"href":"https:\/\/www.opetech.cz\/en\/wp-json\/wp\/v2\/comments?post=21"}],"version-history":[{"count":43,"href":"https:\/\/www.opetech.cz\/en\/wp-json\/wp\/v2\/pages\/21\/revisions"}],"predecessor-version":[{"id":788,"href":"https:\/\/www.opetech.cz\/en\/wp-json\/wp\/v2\/pages\/21\/revisions\/788"}],"wp:attachment":[{"href":"https:\/\/www.opetech.cz\/en\/wp-json\/wp\/v2\/media?parent=21"}],"curies":[{"name":"wp","href":"https:\/\/api.w.org\/{rel}","templated":true}]}}