{"id":7,"date":"2019-04-17T13:47:01","date_gmt":"2019-04-17T11:47:01","guid":{"rendered":"http:\/\/www.opetech.cz\/?page_id=7"},"modified":"2023-07-25T17:55:55","modified_gmt":"2023-07-25T15:55:55","slug":"introduction","status":"publish","type":"page","link":"https:\/\/www.opetech.cz\/en\/","title":{"rendered":"Home"},"content":{"rendered":"<p>[et_pb_section fb_built=&#8220;1&#8243; _builder_version=&#8220;4.16&#8243; background_image=&#8220;https:\/\/www.opetech.cz\/wp-content\/uploads\/2019\/05\/opetech-obrabeni-kovu-laserem-cnc-velesin.jpg&#8220; background_position=&#8220;bottom_left&#8220; background_video_mp4=&#8220;https:\/\/www.opetech.cz\/wp-content\/uploads\/2019\/05\/obrabeni-kovu-plechu-cnc-opetech.mp4&#8243; background_video_webm=&#8220;https:\/\/www.opetech.cz\/wp-content\/uploads\/2019\/05\/obrabeni-kovu-plechu-cnc-opetech.webm&#8220; background_video_width=&#8220;1920&#8243; background_video_height=&#8220;1080&#8243; custom_padding=&#8220;||15%&#8220; global_colors_info=&#8220;{}&#8220;][et_pb_row column_structure=&#8220;1_2,1_2&#8243; make_equal=&#8220;on&#8220; _builder_version=&#8220;4.16&#8243; width=&#8220;90%&#8220; max_width=&#8220;100%&#8220; module_alignment=&#8220;center&#8220; min_height=&#8220;400px&#8220; global_colors_info=&#8220;{}&#8220;][et_pb_column type=&#8220;1_2&#8243; _builder_version=&#8220;4.16&#8243; custom_padding=&#8220;|||&#8220; global_colors_info=&#8220;{}&#8220; custom_padding__hover=&#8220;|||&#8220;][et_pb_text _builder_version=&#8220;4.16&#8243; text_font=&#8220;||||||||&#8220; text_text_color=&#8220;#ffffff&#8220; text_font_size=&#8220;18px&#8220; text_line_height=&#8220;1.4em&#8220; header_font=&#8220;||||||||&#8220; header_text_align=&#8220;left&#8220; header_text_color=&#8220;#ffffff&#8220; header_font_size=&#8220;45px&#8220; header_line_height=&#8220;1.2em&#8220; background_color=&#8220;rgba(0,0,0,0.5)&#8220; custom_margin=&#8220;||1em&#8220; custom_padding=&#8220;25px|25px|25px|25px&#8220; header_font_size_tablet=&#8220;40px&#8220; header_font_size_phone=&#8220;30px&#8220; header_font_size_last_edited=&#8220;on|phone&#8220; border_radii=&#8220;|5px|5px|50px|5px&#8220; global_colors_info=&#8220;{}&#8220;]<\/p>\n<h1>Jsme OPETECH,<\/h1>\n<h1>Specialista na zpracov\u00e1n\u00ed plechu, obr\u00e1b\u011bn\u00ed a automatizaci<\/h1>\n<p>Zam\u011b\u0159ujeme se na \u0159ez\u00e1n\u00ed laserem, p\u0159esn\u00e9 obr\u00e1b\u011bn\u00ed, ohra\u0148ov\u00e1n\u00ed a automatizaci pr\u016fmyslov\u00e9 v\u00fdroby.<\/p>\n<p>[\/et_pb_text][\/et_pb_column][et_pb_column type=&#8220;1_2&#8243; _builder_version=&#8220;4.16&#8243; custom_padding=&#8220;|||&#8220; global_colors_info=&#8220;{}&#8220; custom_padding__hover=&#8220;|||&#8220;][\/et_pb_column][\/et_pb_row][\/et_pb_section][et_pb_section fb_built=&#8220;1&#8243; _builder_version=&#8220;4.16&#8243; custom_padding=&#8220;64px||60px|||&#8220; saved_tabs=&#8220;all&#8220; global_colors_info=&#8220;{}&#8220;][et_pb_row column_structure=&#8220;1_4,1_4,1_4,1_4&#8243; make_equal=&#8220;on&#8220; _builder_version=&#8220;4.16&#8243; background_color=&#8220;rgba(255,255,255,0)&#8220; width=&#8220;90%&#8220; custom_margin=&#8220;-170px||&#8220; custom_padding=&#8220;0px||0px|||&#8220; global_colors_info=&#8220;{}&#8220;][et_pb_column type=&#8220;1_4&#8243; _builder_version=&#8220;4.16&#8243; custom_padding=&#8220;|||&#8220; global_colors_info=&#8220;{}&#8220; custom_padding__hover=&#8220;|||&#8220;][et_pb_blurb title=&#8220;\u0158ez\u00e1n\u00ed kov\u016f laserem&#8220; url=&#8220;\/laserove-rezani-kovu-a-plechu\/&#8220; image=&#8220;https:\/\/www.opetech.cz\/wp-content\/uploads\/2019\/04\/paleni-kovu-a-plechu-laserem-553&#215;240.jpg&#8220; alt=&#8220;\u0158ez\u00e1n\u00ed kov\u016f laserem&#8220; _builder_version=&#8220;4.16&#8243; header_level=&#8220;h3&#8243; header_font=&#8220;||||||||&#8220; header_font_size=&#8220;20px&#8220; header_line_height=&#8220;1.2em&#8220; background_color=&#8220;#ffffff&#8220; use_background_color_gradient=&#8220;on&#8220; background_color_gradient_direction=&#8220;350deg&#8220; background_color_gradient_stops=&#8220;#ffffff 65%|#003B79 65%&#8220; background_color_gradient_start=&#8220;#ffffff&#8220; background_color_gradient_start_position=&#8220;65%&#8220; background_color_gradient_end=&#8220;#003B79&#8243; background_color_gradient_end_position=&#8220;65%&#8220; transform_scale_last_edited=&#8220;off|desktop&#8220; transform_translate_last_edited=&#8220;off|desktop&#8220; transform_rotate_last_edited=&#8220;off|desktop&#8220; transform_skew_last_edited=&#8220;off|desktop&#8220; transform_origin_last_edited=&#8220;off|desktop&#8220; transform_styles_last_edited=&#8220;off|desktop&#8220; custom_margin=&#8220;||1em&#8220; custom_padding=&#8220;10px|10px|10px|10px&#8220; link_option_url=&#8220;\/laserove-rezani-kovu-a-plechu\/&#8220; border_radii=&#8220;|5px|5px|50px|5px&#8220; border_width_all=&#8220;1px&#8220; border_color_all=&#8220;#003B79&#8243; global_colors_info=&#8220;{}&#8220; transform_styles__hover_enabled=&#8220;on&#8220; transform_scale__hover_enabled=&#8220;on&#8220; transform_translate__hover_enabled=&#8220;on&#8220; transform_rotate__hover_enabled=&#8220;on&#8220; transform_skew__hover_enabled=&#8220;on&#8220; transform_origin__hover_enabled=&#8220;on&#8220; transform_scale__hover=&#8220;120%|120%&#8220; box_shadow_color__hover_enabled=&#8220;on&#8220; box_shadow_color__hover=&#8220;#ffffff&#8220;]<\/p>\n<p>\u0158ez\u00e1n\u00ed kov\u016f prov\u00e1d\u00edme na laseru TRUMPF s velikost\u00ed stolu 3000 x 1500 mm&#8230;.<\/p>\n<p>[\/et_pb_blurb][et_pb_button button_url=&#8220;\/laserove-rezani-kovu-a-plechu\/&#8220; button_text=&#8220;o \u0159ez\u00e1n\u00ed kov\u016f&#8220; button_alignment=&#8220;right&#8220; _builder_version=&#8220;4.16&#8243; custom_button=&#8220;on&#8220; button_text_size=&#8220;14px&#8220; button_text_color=&#8220;#041230&#8243; button_bg_color=&#8220;#ffffff&#8220; button_border_width=&#8220;0px&#8220; button_border_radius=&#8220;0px&#8220; button_font=&#8220;||||||||&#8220; button_icon=&#8220;&#x24;||divi||400&#8243; button_icon_color=&#8220;#041230&#8243; button_on_hover=&#8220;off&#8220; global_colors_info=&#8220;{}&#8220; button_text_color__hover_enabled=&#8220;on&#8220; button_text_color__hover=&#8220;#041230&#8243;][\/et_pb_button][\/et_pb_column][et_pb_column type=&#8220;1_4&#8243; _builder_version=&#8220;4.16&#8243; custom_padding=&#8220;|||&#8220; global_colors_info=&#8220;{}&#8220; custom_padding__hover=&#8220;|||&#8220;][et_pb_blurb title=&#8220;CNC obr\u00e1b\u011bn\u00ed kov\u016f&#8220; url=&#8220;\/cnc-obrabeni-frezovani-kovu-plastu-a-svarencu\/&#8220; image=&#8220;https:\/\/www.opetech.cz\/wp-content\/uploads\/2019\/04\/cnc-obrabeni-zeleznych-a-nezeleznych-kovu-553&#215;240.jpg&#8220; _builder_version=&#8220;4.16&#8243; header_level=&#8220;h3&#8243; header_font=&#8220;||||||||&#8220; header_font_size=&#8220;20px&#8220; header_line_height=&#8220;1.2em&#8220; background_color=&#8220;#ffffff&#8220; use_background_color_gradient=&#8220;on&#8220; background_color_gradient_direction=&#8220;350deg&#8220; background_color_gradient_stops=&#8220;#ffffff 65%|#003B79 65%&#8220; background_color_gradient_start=&#8220;#ffffff&#8220; background_color_gradient_start_position=&#8220;65%&#8220; background_color_gradient_end=&#8220;#003B79&#8243; background_color_gradient_end_position=&#8220;65%&#8220; transform_scale_last_edited=&#8220;off|desktop&#8220; transform_translate_last_edited=&#8220;off|desktop&#8220; transform_rotate_last_edited=&#8220;off|desktop&#8220; transform_skew_last_edited=&#8220;off|desktop&#8220; transform_origin_last_edited=&#8220;off|desktop&#8220; transform_styles_last_edited=&#8220;off|desktop&#8220; custom_margin=&#8220;||1em&#8220; custom_padding=&#8220;10px|10px|10px|10px&#8220; link_option_url=&#8220;\/cnc-obrabeni-frezovani-kovu-plastu-a-svarencu\/&#8220; border_radii=&#8220;|5px|5px|50px|5px&#8220; border_width_all=&#8220;1px&#8220; border_color_all=&#8220;#003B79&#8243; box_shadow_style=&#8220;preset1&#8243; global_colors_info=&#8220;{}&#8220; transform_styles__hover_enabled=&#8220;on&#8220; transform_scale__hover_enabled=&#8220;on&#8220; transform_translate__hover_enabled=&#8220;on&#8220; transform_rotate__hover_enabled=&#8220;on&#8220; transform_skew__hover_enabled=&#8220;on&#8220; transform_origin__hover_enabled=&#8220;on&#8220; transform_scale__hover=&#8220;120%|120%&#8220;]<\/p>\n<p>Vyr\u00e1b\u00edme dokonale p\u0159esn\u00e9 CNC d\u00edly, zam\u011b\u0159ujeme se jak na kusovou, tak s\u00e9riovou v\u00fdrobu&#8230;<\/p>\n<p>[\/et_pb_blurb][et_pb_button button_url=&#8220;\/cnc-obrabeni-frezovani-kovu-plastu-a-svarencu\/&#8220; button_text=&#8220;o CNC obr\u00e1b\u011bn\u00ed&#8220; button_alignment=&#8220;right&#8220; _builder_version=&#8220;4.16&#8243; custom_button=&#8220;on&#8220; button_text_size=&#8220;14px&#8220; button_text_color=&#8220;#041230&#8243; button_bg_color=&#8220;#ffffff&#8220; button_border_width=&#8220;0px&#8220; button_border_radius=&#8220;0px&#8220; button_font=&#8220;||||||||&#8220; button_icon=&#8220;&#x24;||divi||400&#8243; button_icon_color=&#8220;#041230&#8243; button_on_hover=&#8220;off&#8220; global_colors_info=&#8220;{}&#8220;][\/et_pb_button][\/et_pb_column][et_pb_column type=&#8220;1_4&#8243; _builder_version=&#8220;4.16&#8243; custom_padding=&#8220;|||&#8220; global_colors_info=&#8220;{}&#8220; custom_padding__hover=&#8220;|||&#8220;][et_pb_blurb title=&#8220;CNC ohra\u0148ov\u00e1n\u00ed&#8220; url=&#8220;\/ohranovani-plechu\/&#8220; image=&#8220;https:\/\/www.opetech.cz\/wp-content\/uploads\/2019\/05\/ohranova-plechu-opetech-velesin-1.jpg&#8220; _builder_version=&#8220;4.16&#8243; header_level=&#8220;h3&#8243; header_font=&#8220;||||||||&#8220; header_font_size=&#8220;20px&#8220; header_line_height=&#8220;1.2em&#8220; background_color=&#8220;#ffffff&#8220; use_background_color_gradient=&#8220;on&#8220; background_color_gradient_direction=&#8220;350deg&#8220; background_color_gradient_stops=&#8220;#ffffff 65%|#003B79 65%&#8220; background_color_gradient_start=&#8220;#ffffff&#8220; background_color_gradient_start_position=&#8220;65%&#8220; background_color_gradient_end=&#8220;#003B79&#8243; background_color_gradient_end_position=&#8220;65%&#8220; transform_scale_last_edited=&#8220;off|desktop&#8220; transform_translate_last_edited=&#8220;off|desktop&#8220; transform_rotate_last_edited=&#8220;off|desktop&#8220; transform_skew_last_edited=&#8220;off|desktop&#8220; transform_origin_last_edited=&#8220;off|desktop&#8220; transform_styles_last_edited=&#8220;off|desktop&#8220; custom_margin=&#8220;||1em&#8220; custom_padding=&#8220;10px|10px|10px|10px&#8220; link_option_url=&#8220;\/ohranovani-plechu\/&#8220; border_radii=&#8220;|5px|5px|50px|5px&#8220; border_width_all=&#8220;1px&#8220; border_color_all=&#8220;#003B79&#8243; box_shadow_style=&#8220;preset1&#8243; global_colors_info=&#8220;{}&#8220; transform_styles__hover_enabled=&#8220;on&#8220; transform_scale__hover_enabled=&#8220;on&#8220; transform_translate__hover_enabled=&#8220;on&#8220; transform_rotate__hover_enabled=&#8220;on&#8220; transform_skew__hover_enabled=&#8220;on&#8220; transform_origin__hover_enabled=&#8220;on&#8220; transform_scale__hover=&#8220;120%|120%&#8220;]<\/p>\n<p>P\u0159esn\u00e9 ohra\u0148ov\u00e1n\u00ed plech\u016f prov\u00e1d\u00edme na stroji TRUMPF TruBend 5130&#8230;<\/p>\n<p>[\/et_pb_blurb][et_pb_button button_url=&#8220;\/ohranovani-plechu\/&#8220; button_text=&#8220;o ohra\u0148ov\u00e1n\u00ed&#8220; button_alignment=&#8220;right&#8220; _builder_version=&#8220;4.16&#8243; custom_button=&#8220;on&#8220; button_text_size=&#8220;14px&#8220; button_text_color=&#8220;#041230&#8243; button_bg_color=&#8220;#ffffff&#8220; button_border_width=&#8220;0px&#8220; button_border_radius=&#8220;0px&#8220; button_font=&#8220;||||||||&#8220; button_icon=&#8220;&#x24;||divi||400&#8243; button_icon_color=&#8220;#041230&#8243; button_on_hover=&#8220;off&#8220; global_colors_info=&#8220;{}&#8220;][\/et_pb_button][\/et_pb_column][et_pb_column type=&#8220;1_4&#8243; _builder_version=&#8220;4.16&#8243; custom_padding=&#8220;|||&#8220; global_colors_info=&#8220;{}&#8220; custom_padding__hover=&#8220;|||&#8220;][et_pb_blurb title=&#8220;Automatizace&#8220; url=&#8220;\/automatizace-prumyslove-vyroby\/&#8220; image=&#8220;https:\/\/www.opetech.cz\/wp-content\/uploads\/2019\/05\/automatizace-prumyslove-vyroby-opetech.jpg&#8220; _builder_version=&#8220;4.16&#8243; header_level=&#8220;h3&#8243; header_font=&#8220;||||||||&#8220; header_font_size=&#8220;20px&#8220; header_line_height=&#8220;1.2em&#8220; background_color=&#8220;#ffffff&#8220; use_background_color_gradient=&#8220;on&#8220; background_color_gradient_direction=&#8220;350deg&#8220; background_color_gradient_stops=&#8220;#ffffff 65%|#003B79 65%&#8220; background_color_gradient_start=&#8220;#ffffff&#8220; background_color_gradient_start_position=&#8220;65%&#8220; background_color_gradient_end=&#8220;#003B79&#8243; background_color_gradient_end_position=&#8220;65%&#8220; transform_scale_last_edited=&#8220;off|desktop&#8220; transform_translate_last_edited=&#8220;off|desktop&#8220; transform_rotate_last_edited=&#8220;off|desktop&#8220; transform_skew_last_edited=&#8220;off|desktop&#8220; transform_origin_last_edited=&#8220;off|desktop&#8220; transform_styles_last_edited=&#8220;off|desktop&#8220; custom_margin=&#8220;||1em&#8220; custom_padding=&#8220;10px|10px|10px|10px&#8220; link_option_url=&#8220;\/automatizace-prumyslove-vyroby\/&#8220; border_radii=&#8220;|5px|5px|50px|5px&#8220; border_width_all=&#8220;1px&#8220; border_color_all=&#8220;#003B79&#8243; box_shadow_style=&#8220;preset1&#8243; global_colors_info=&#8220;{}&#8220; transform_styles__hover_enabled=&#8220;on&#8220; transform_scale__hover_enabled=&#8220;on&#8220; transform_translate__hover_enabled=&#8220;on&#8220; transform_rotate__hover_enabled=&#8220;on&#8220; transform_skew__hover_enabled=&#8220;on&#8220; transform_origin__hover_enabled=&#8220;on&#8220; transform_scale__hover=&#8220;120%|120%&#8220;]<\/p>\n<p>Zab\u00fdv\u00e1me se n\u00e1vrhem, v\u00fdvojem a realizac\u00ed nov\u00fdch technologi\u00ed v oblastech pr\u016fmyslov\u00e9 automatizace&#8230;<\/p>\n<p>[\/et_pb_blurb][et_pb_button button_url=&#8220;\/automatizace-prumyslove-vyroby\/&#8220; button_text=&#8220;o automatizaci&#8220; button_alignment=&#8220;right&#8220; _builder_version=&#8220;4.16&#8243; custom_button=&#8220;on&#8220; button_text_size=&#8220;14px&#8220; button_text_color=&#8220;#041230&#8243; button_bg_color=&#8220;#ffffff&#8220; button_border_width=&#8220;0px&#8220; button_border_radius=&#8220;0px&#8220; button_font=&#8220;||||||||&#8220; button_icon=&#8220;&#x24;||divi||400&#8243; button_icon_color=&#8220;#041230&#8243; button_on_hover=&#8220;off&#8220; global_colors_info=&#8220;{}&#8220;][\/et_pb_button][\/et_pb_column][\/et_pb_row][\/et_pb_section][et_pb_section fb_built=&#8220;1&#8243; admin_label=&#8220;Pati\u010dka&#8220; _builder_version=&#8220;4.16&#8243; use_background_color_gradient=&#8220;on&#8220; background_color_gradient_stops=&#8220;#ffffff 0%|rgba(255,255,255,0.85) 100%&#8220; background_color_gradient_start=&#8220;#ffffff&#8220; background_color_gradient_end=&#8220;rgba(255,255,255,0.85)&#8220; background_image=&#8220;https:\/\/www.opetech.cz\/wp-content\/uploads\/2019\/05\/automatizovana-prumyslova-vyroba-opetech-velesin.jpg&#8220; background_blend=&#8220;overlay&#8220; custom_padding=&#8220;0px|||||&#8220; background_color_gradient_stops_tablet=&#8220;#ffffff 0%|rgba(255,255,255,0.85) 100%&#8220; background_color_gradient_stops_phone=&#8220;#ffffff 0%|rgba(255,255,255,0.85) 100%&#8220; global_module=&#8220;440&#8243; saved_tabs=&#8220;all&#8220; locked=&#8220;on&#8220; collapsed=&#8220;off&#8220; global_colors_info=&#8220;{}&#8220;][et_pb_row _builder_version=&#8220;4.16&#8243; locked=&#8220;off&#8220; collapsed=&#8220;on&#8220; global_colors_info=&#8220;{}&#8220;][et_pb_column type=&#8220;4_4&#8243; _builder_version=&#8220;4.16&#8243; custom_padding=&#8220;|||&#8220; global_colors_info=&#8220;{}&#8220; custom_padding__hover=&#8220;|||&#8220;][et_pb_text admin_label=&#8220;Text&#8220; _builder_version=&#8220;4.16&#8243; text_font=&#8220;||||||||&#8220; text_font_size=&#8220;15px&#8220; link_font=&#8220;||||||||&#8220; link_text_color=&#8220;#003B79&#8243; link_font_size=&#8220;15px&#8220; text_orientation=&#8220;center&#8220; global_colors_info=&#8220;{}&#8220;]<\/p>\n<p><em>N\u00e1\u0161 sv\u011bt je kov a plech, jmenujeme se OpeTech.<\/em><\/p>\n<p>[\/et_pb_text][et_pb_image src=&#8220;https:\/\/www.opetech.cz\/wp-content\/uploads\/2019\/04\/OPETECH-obrabeni-kovu-cnc-laser-logo-modre.svg&#8220; align=&#8220;center&#8220; align_tablet=&#8220;center&#8220; align_phone=&#8220;&#8220; align_last_edited=&#8220;on|desktop&#8220; _builder_version=&#8220;4.16&#8243; width=&#8220;15%&#8220; module_alignment=&#8220;center&#8220; global_colors_info=&#8220;{}&#8220;][\/et_pb_image][et_pb_text _builder_version=&#8220;4.16&#8243; text_font=&#8220;||||||||&#8220; text_font_size=&#8220;15px&#8220; link_font=&#8220;||||||||&#8220; link_text_color=&#8220;#003B79&#8243; link_font_size=&#8220;15px&#8220; text_orientation=&#8220;center&#8220; global_colors_info=&#8220;{}&#8220;]<\/p>\n<p><a href=\"\/\">\u00davod<\/a> | <a href=\"\/laserove-rezani-kovu-a-plechu\/\">\u0158ez\u00e1n\u00ed laserem<\/a> | <a href=\"\/cnc-obrabeni-frezovani-kovu-plastu-a-svarencu\/\">CNC Obr\u00e1b\u011bn\u00ed<\/a> | <a href=\"\/ohranovani-plechu\/\">Ohra\u0148ov\u00e1n\u00ed<\/a> | <a href=\"\/automatizace-prumyslove-vyroby\/\">Automatizace<\/a> | <a href=\"\/politika-jakosti\/\">Kvalita<\/a> | <a href=\"\/kariera\/\">Kari\u00e9ra<\/a> | <a href=\"\/kontakt\/\">Kontakty<\/a><\/p>\n<p>[\/et_pb_text][et_pb_text admin_label=&#8220;Text&#8220; _builder_version=&#8220;4.16&#8243; text_font=&#8220;||||||||&#8220; text_font_size=&#8220;15px&#8220; link_font=&#8220;||||||||&#8220; link_text_color=&#8220;#003B79&#8243; link_font_size=&#8220;15px&#8220; text_orientation=&#8220;center&#8220; global_colors_info=&#8220;{}&#8220;]<span>Pracujeme pro v\u00e1s roku 1991. V roce 2014 do\u0161lo k transformaci spole\u010dnosti a zalo\u017een\u00ed nov\u00e9ho subjektu Opetech s.r.o.,<br \/>kter\u00fd plynule nav\u00e1zal na p\u0159ede\u0161l\u00fd v\u00fdrobn\u00ed program.<\/span>[\/et_pb_text][\/et_pb_column][\/et_pb_row][et_pb_row column_structure=&#8220;1_5,1_5,1_5,1_5,1_5&#8243; _builder_version=&#8220;4.16&#8243; collapsed=&#8220;off&#8220; global_colors_info=&#8220;{}&#8220;][et_pb_column type=&#8220;1_5&#8243; _builder_version=&#8220;4.16&#8243; custom_padding=&#8220;|||&#8220; global_colors_info=&#8220;{}&#8220; custom_padding__hover=&#8220;|||&#8220;][\/et_pb_column][et_pb_column type=&#8220;1_5&#8243; _builder_version=&#8220;4.16&#8243; custom_padding=&#8220;|||&#8220; global_colors_info=&#8220;{}&#8220; custom_padding__hover=&#8220;|||&#8220;][et_pb_text _builder_version=&#8220;4.16&#8243; text_font=&#8220;||||||||&#8220; text_font_size=&#8220;15px&#8220; link_font=&#8220;||||||||&#8220; link_text_color=&#8220;#003B79&#8243; link_font_size=&#8220;15px&#8220; text_orientation=&#8220;center&#8220; locked=&#8220;off&#8220; global_colors_info=&#8220;{}&#8220;]<\/p>\n<h4>Adresa kovov\u00fdroby<\/h4>\n<p>OpeTech s.r.o.<br \/> Nov\u00e1 634, Vele\u0161\u00edn N\u00e1dra\u017e\u00ed<br \/> 382 32 Vele\u0161\u00edn<br \/> Jiho\u010desk\u00fd kraj<\/p>\n<p>[\/et_pb_text][\/et_pb_column][et_pb_column type=&#8220;1_5&#8243; _builder_version=&#8220;4.16&#8243; custom_padding=&#8220;|||&#8220; global_colors_info=&#8220;{}&#8220; custom_padding__hover=&#8220;|||&#8220;][et_pb_text _builder_version=&#8220;4.16&#8243; text_font=&#8220;||||||||&#8220; text_font_size=&#8220;15px&#8220; link_font=&#8220;||||||||&#8220; link_text_color=&#8220;#003B79&#8243; link_font_size=&#8220;15px&#8220; text_orientation=&#8220;center&#8220; global_colors_info=&#8220;{}&#8220;]<\/p>\n<h4>Faktura\u010dn\u00ed adresa<\/h4>\n<p>OpeTech s.r.o.<br \/> V\u011b\u017eovat\u00e1 Pl\u00e1n\u011b 26<br \/> 382 32 Vele\u0161\u00edn<br \/> Jiho\u010desk\u00fd kraj<\/p>\n<p>I\u010cO: 03347401<br \/>DI\u010c: CZ03347401<\/p>\n<p>[\/et_pb_text][\/et_pb_column][et_pb_column type=&#8220;1_5&#8243; _builder_version=&#8220;4.16&#8243; custom_padding=&#8220;|||&#8220; global_colors_info=&#8220;{}&#8220; custom_padding__hover=&#8220;|||&#8220;][et_pb_text _builder_version=&#8220;4.16&#8243; text_font=&#8220;||||||||&#8220; text_font_size=&#8220;15px&#8220; link_font=&#8220;||||||||&#8220; link_text_color=&#8220;#003B79&#8243; link_font_size=&#8220;15px&#8220; text_orientation=&#8220;center&#8220; global_colors_info=&#8220;{}&#8220;]<\/p>\n<h4>Kontakty<\/h4>\n<p>info@opetech.cz<br \/><span style=\"font-size: 14px;\">+420 792 316 825<\/span><\/p>\n<p>&nbsp;<\/p>\n<p>[\/et_pb_text][\/et_pb_column][et_pb_column type=&#8220;1_5&#8243; _builder_version=&#8220;4.16&#8243; custom_padding=&#8220;|||&#8220; global_colors_info=&#8220;{}&#8220; custom_padding__hover=&#8220;|||&#8220;][\/et_pb_column][\/et_pb_row][\/et_pb_section]<\/p>\n","protected":false},"excerpt":{"rendered":"<p>Jsme OPETECH, Specialista na zpracov\u00e1n\u00ed plechu, obr\u00e1b\u011bn\u00ed a automatizaci Zam\u011b\u0159ujeme se na \u0159ez\u00e1n\u00ed laserem, p\u0159esn\u00e9 obr\u00e1b\u011bn\u00ed, ohra\u0148ov\u00e1n\u00ed a automatizaci pr\u016fmyslov\u00e9 v\u00fdroby.\u0158ez\u00e1n\u00ed kov\u016f prov\u00e1d\u00edme na laseru TRUMPF s velikost\u00ed stolu 3000 x 1500 mm&#8230;.Vyr\u00e1b\u00edme dokonale p\u0159esn\u00e9 CNC d\u00edly, zam\u011b\u0159ujeme se jak na kusovou, tak s\u00e9riovou v\u00fdrobu&#8230;P\u0159esn\u00e9 ohra\u0148ov\u00e1n\u00ed plech\u016f prov\u00e1d\u00edme na stroji TRUMPF TruBend 5130&#8230;Zab\u00fdv\u00e1me se n\u00e1vrhem, [&hellip;]<\/p>\n","protected":false},"author":1,"featured_media":0,"parent":0,"menu_order":0,"comment_status":"closed","ping_status":"closed","template":"","meta":{"_et_pb_use_builder":"on","_et_pb_old_content":"","_et_gb_content_width":"","footnotes":""},"class_list":["post-7","page","type-page","status-publish","hentry"],"_links":{"self":[{"href":"https:\/\/www.opetech.cz\/en\/wp-json\/wp\/v2\/pages\/7","targetHints":{"allow":["GET"]}}],"collection":[{"href":"https:\/\/www.opetech.cz\/en\/wp-json\/wp\/v2\/pages"}],"about":[{"href":"https:\/\/www.opetech.cz\/en\/wp-json\/wp\/v2\/types\/page"}],"author":[{"embeddable":true,"href":"https:\/\/www.opetech.cz\/en\/wp-json\/wp\/v2\/users\/1"}],"replies":[{"embeddable":true,"href":"https:\/\/www.opetech.cz\/en\/wp-json\/wp\/v2\/comments?post=7"}],"version-history":[{"count":84,"href":"https:\/\/www.opetech.cz\/en\/wp-json\/wp\/v2\/pages\/7\/revisions"}],"predecessor-version":[{"id":1044,"href":"https:\/\/www.opetech.cz\/en\/wp-json\/wp\/v2\/pages\/7\/revisions\/1044"}],"wp:attachment":[{"href":"https:\/\/www.opetech.cz\/en\/wp-json\/wp\/v2\/media?parent=7"}],"curies":[{"name":"wp","href":"https:\/\/api.w.org\/{rel}","templated":true}]}}